{"id":9030,"date":"2022-01-24T03:19:39","date_gmt":"2022-01-24T03:19:39","guid":{"rendered":"https:\/\/geziyoo.co\/blog\/?page_id=9030"},"modified":"2026-02-03T14:52:17","modified_gmt":"2026-02-03T14:52:17","slug":"karavan","status":"publish","type":"page","link":"https:\/\/geziyoo.co\/blog\/karavan\/","title":{"rendered":"Karavan Hakk\u0131nda Her \u015eey: Modeller, Rotalar ve Kamp Alanlar\u0131 (\u0130leti\u015fim ve Konum)"},"content":{"rendered":"\n<h2 class=\"wp-block-heading\">A&#8217;dan Z&#8217;ye Karavan Rehberi<strong><em> \u0130pu\u00e7lar\u0131<\/em><\/strong> sayfas\u0131nda Karavan \u0130pu\u00e7lar\u0131,Karavan Yemekleri,Karavan Yap\u0131lacak yerler ve Karavan \u0130le \u0130lgili Her\u015fey oldu\u011fu kamp\u00e7\u0131lara \u00f6zel olarak tasarlanan bir sayfa<\/h2>\n\n\n\n<h3 class=\"wp-block-heading\"><strong>Karavan Nedir?<\/strong><\/h3>\n\n\n\n<p>Karavan, ya\u015famsal fonksiyonlara minimum \u00f6l\u00e7\u00fclerde cevap verebilecek yatak, mutfak, du\u015f, tuvalet ve oturma birimi donan\u0131mlar\u0131na sahip, motorlu ara\u00e7 standart \u00f6l\u00e7\u00fclerine uygun, hareketli ya\u015fam alanlar\u0131d\u0131r.<\/p>\n\n\n\n<h3 class=\"wp-block-heading\"><strong>Karavan Tarihi<\/strong><\/h3>\n\n\n\n<p>19. y\u00fczy\u0131l sonlar\u0131nda sirk \u00e7al\u0131\u015fanlar\u0131n konaklamas\u0131 i\u00e7in tasarlanan karavanlar, sonralar\u0131&nbsp;Avrupa\u2018da ya\u015fayan&nbsp;\u00e7ingeneler&nbsp;taraf\u0131ndan kullan\u0131lmaya ba\u015flanm\u0131\u015ft\u0131r. Otomobil sekt\u00f6r\u00fcndeki geli\u015fmeler sonras\u0131nda \u201cmotokaravan\u201d ad\u0131 verilen ve \u00e7ekme arac\u0131na ihtiya\u00e7 duyulmadan (araca entegre edilmi\u015f karavan) kullan\u0131lan karavan t\u00fcrleri yap\u0131lm\u0131\u015ft\u0131r..<\/p>\n\n\n\n<h2 class=\"wp-block-heading\"><strong>Karavan \u00c7e\u015fitleri<\/strong><\/h2>\n\n\n\n<p><strong><em><a href=\"https:\/\/geziyoo.co\/blog\/karavan-cesitleri-cekme-ve-motokaravan-modelleri\/\" data-type=\"post\" data-id=\"4436\">Karavan \u00c7e\u015fitleri<\/a><\/em> :\u00c7ekme ve Motokaravan Modelleri<\/strong>&nbsp;olmak \u00fczere ikiye ayr\u0131l\u0131r.<strong>Di\u011fer karavan modellerini ise \u015fu \u015fekilde s\u0131ralayabiliriz.<\/strong>1. Klasik \u00c7ekme Karavan (The conventional caravan)2. The Stylish3.K\u00fc\u00e7\u00fck G\u00f6zya\u015f\u0131 Karavanlar4.Mini Karavanlar5.B\u00fcy\u00fck Karavanlar (5 Tekerlekli)6.Tavan\u0131 Y\u00fckselebilen Karavanlar7.Katlanabilir Karavan8. Camper Van<\/p>\n\n\n\n<figure class=\"wp-block-image size-large\"><img decoding=\"async\" width=\"800\" height=\"533\" data-src=\"https:\/\/geziyoo.co\/blog\/wp-content\/uploads\/2021\/10\/Cekme-Karavan-Siniflari-ve-Ozellikleri-Nelerdir.jpg\" alt=\"Karavan \u0130pu\u00e7lar\u0131 ve Kamp \u0130le \u0130lgili Her\u015fey\" class=\"wp-image-8431 lazyload\" data-srcset=\"https:\/\/geziyoo.co\/blog\/wp-content\/uploads\/2021\/10\/Cekme-Karavan-Siniflari-ve-Ozellikleri-Nelerdir.jpg 800w, https:\/\/geziyoo.co\/blog\/wp-content\/uploads\/2021\/10\/Cekme-Karavan-Siniflari-ve-Ozellikleri-Nelerdir-300x200.jpg 300w, https:\/\/geziyoo.co\/blog\/wp-content\/uploads\/2021\/10\/Cekme-Karavan-Siniflari-ve-Ozellikleri-Nelerdir-768x512.jpg 768w\" data-sizes=\"(max-width: 800px) 100vw, 800px\" src=\"data:image\/gif;base64,R0lGODlhAQABAAAAACH5BAEKAAEALAAAAAABAAEAAAICTAEAOw==\" style=\"--smush-placeholder-width: 800px; --smush-placeholder-aspect-ratio: 800\/533;\" \/><figcaption class=\"wp-element-caption\">Karavan Blog (\u0130pu\u00e7lar\u0131,Karavan Parklar,\u00d6neriler)<\/figcaption><\/figure>\n\n\n\n<p><\/p>\n","protected":false},"excerpt":{"rendered":"<p>A&#8217;dan Z&#8217;ye Karavan Rehberi \u0130pu\u00e7lar\u0131 sayfas\u0131nda Karavan \u0130pu\u00e7lar\u0131,Karavan Yemekleri,Karavan Yap\u0131lacak yerler ve Karavan \u0130le \u0130lgili Her\u015fey oldu\u011fu kamp\u00e7\u0131lara \u00f6zel olarak tasarlanan bir sayfa Karavan Nedir? Karavan, ya\u015famsal fonksiyonlara minimum \u00f6l\u00e7\u00fclerde cevap verebilecek yatak, mutfak, du\u015f, tuvalet ve oturma birimi donan\u0131mlar\u0131na sahip, motorlu ara\u00e7 standart \u00f6l\u00e7\u00fclerine uygun, hareketli ya\u015fam alanlar\u0131d\u0131r. Karavan Tarihi 19. y\u00fczy\u0131l sonlar\u0131nda sirk &hellip;<\/p>\n","protected":false},"author":1,"featured_media":6793,"parent":0,"menu_order":0,"comment_status":"closed","ping_status":"closed","template":"","meta":{"footnotes":""},"class_list":["post-9030","page","type-page","status-publish","has-post-thumbnail","hentry"],"yoast_head":"<!-- This site is optimized with the Yoast SEO plugin v26.9 - https:\/\/yoast.com\/product\/yoast-seo-wordpress\/ -->\n<title>A&#039;dan Z&#039;ye Karavan Rehberi: Rotalar ve \u0130pu\u00e7lar\u0131 | Geziyoo<\/title>\n<meta name=\"description\" content=\"Karavan hayat\u0131na dair her \u015fey! Modeller, rotalar ve kiral\u0131k karavan park alanlar\u0131n\u0131 listeledik. \u0130\u015fletme telefonlar\u0131 ve konum bilgileri.\" \/>\n<meta name=\"robots\" content=\"index, follow, max-snippet:-1, max-image-preview:large, max-video-preview:-1\" \/>\n<link rel=\"canonical\" href=\"https:\/\/geziyoo.co\/blog\/karavan\/\" \/>\n<meta property=\"og:locale\" content=\"tr_TR\" \/>\n<meta property=\"og:type\" content=\"article\" \/>\n<meta property=\"og:title\" content=\"A&#039;dan Z&#039;ye Karavan Rehberi: Rotalar ve \u0130pu\u00e7lar\u0131 | Geziyoo\" \/>\n<meta property=\"og:description\" content=\"Karavan hayat\u0131na dair her \u015fey! Modeller, rotalar ve kiral\u0131k karavan park alanlar\u0131n\u0131 listeledik. \u0130\u015fletme telefonlar\u0131 ve konum bilgileri.\" \/>\n<meta property=\"og:url\" content=\"https:\/\/geziyoo.co\/blog\/karavan\/\" \/>\n<meta property=\"og:site_name\" content=\"Geziyoo.co\" \/>\n<meta property=\"article:publisher\" content=\"https:\/\/www.facebook.com\/Geziyooco\" \/>\n<meta property=\"article:modified_time\" content=\"2026-02-03T14:52:17+00:00\" \/>\n<meta property=\"og:image\" content=\"https:\/\/geziyoo.co\/blog\/wp-content\/uploads\/2021\/05\/2021-Yili-Karavan-Muayene-Ucreti-Ne-Kadar-scaled.jpg\" \/>\n\t<meta property=\"og:image:width\" content=\"1200\" \/>\n\t<meta property=\"og:image:height\" content=\"800\" \/>\n\t<meta property=\"og:image:type\" content=\"image\/jpeg\" \/>\n<meta name=\"twitter:card\" content=\"summary_large_image\" \/>\n<meta name=\"twitter:site\" content=\"@geziyoo\" \/>\n<meta name=\"twitter:label1\" content=\"Tahmini okuma s\u00fcresi\" \/>\n\t<meta name=\"twitter:data1\" content=\"2 dakika\" \/>\n<script type=\"application\/ld+json\" class=\"yoast-schema-graph\">{\"@context\":\"https:\/\/schema.org\",\"@graph\":[{\"@type\":\"WebPage\",\"@id\":\"https:\/\/geziyoo.co\/blog\/karavan\/\",\"url\":\"https:\/\/geziyoo.co\/blog\/karavan\/\",\"name\":\"A'dan Z'ye Karavan Rehberi: Rotalar ve \u0130pu\u00e7lar\u0131 | Geziyoo\",\"isPartOf\":{\"@id\":\"https:\/\/geziyoo.co\/blog\/#website\"},\"primaryImageOfPage\":{\"@id\":\"https:\/\/geziyoo.co\/blog\/karavan\/#primaryimage\"},\"image\":{\"@id\":\"https:\/\/geziyoo.co\/blog\/karavan\/#primaryimage\"},\"thumbnailUrl\":\"https:\/\/geziyoo.co\/blog\/wp-content\/uploads\/2021\/05\/2021-Yili-Karavan-Muayene-Ucreti-Ne-Kadar-scaled.jpg\",\"datePublished\":\"2022-01-24T03:19:39+00:00\",\"dateModified\":\"2026-02-03T14:52:17+00:00\",\"description\":\"Karavan hayat\u0131na dair her \u015fey! Modeller, rotalar ve kiral\u0131k karavan park alanlar\u0131n\u0131 listeledik. \u0130\u015fletme telefonlar\u0131 ve konum bilgileri.\",\"breadcrumb\":{\"@id\":\"https:\/\/geziyoo.co\/blog\/karavan\/#breadcrumb\"},\"inLanguage\":\"tr\",\"potentialAction\":[{\"@type\":\"ReadAction\",\"target\":[\"https:\/\/geziyoo.co\/blog\/karavan\/\"]}]},{\"@type\":\"ImageObject\",\"inLanguage\":\"tr\",\"@id\":\"https:\/\/geziyoo.co\/blog\/karavan\/#primaryimage\",\"url\":\"https:\/\/geziyoo.co\/blog\/wp-content\/uploads\/2021\/05\/2021-Yili-Karavan-Muayene-Ucreti-Ne-Kadar-scaled.jpg\",\"contentUrl\":\"https:\/\/geziyoo.co\/blog\/wp-content\/uploads\/2021\/05\/2021-Yili-Karavan-Muayene-Ucreti-Ne-Kadar-scaled.jpg\",\"width\":1200,\"height\":800,\"caption\":\"2021 Y\u0131l\u0131 Karavan Muayene \u00dccreti Ne Kadar\"},{\"@type\":\"BreadcrumbList\",\"@id\":\"https:\/\/geziyoo.co\/blog\/karavan\/#breadcrumb\",\"itemListElement\":[{\"@type\":\"ListItem\",\"position\":1,\"name\":\"Ana sayfa\",\"item\":\"https:\/\/geziyoo.co\/blog\/\"},{\"@type\":\"ListItem\",\"position\":2,\"name\":\"Karavan Hakk\u0131nda Her \u015eey: Modeller, Rotalar ve Kamp Alanlar\u0131 (\u0130leti\u015fim ve Konum)\"}]},{\"@type\":\"WebSite\",\"@id\":\"https:\/\/geziyoo.co\/blog\/#website\",\"url\":\"https:\/\/geziyoo.co\/blog\/\",\"name\":\"Geziyoo Blog\",\"description\":\"GeziYoo Blog&#039;da T\u00fcrkiye&#039;nin en iyi kamp alanlar\u0131ndan bungalov tatillerine, karavan ipu\u00e7lar\u0131ndan gezi rehberlerine kadar her t\u00fcrl\u00fc do\u011fa deneyimini ke\u015ffedin.\",\"publisher\":{\"@id\":\"https:\/\/geziyoo.co\/blog\/#organization\"},\"potentialAction\":[{\"@type\":\"SearchAction\",\"target\":{\"@type\":\"EntryPoint\",\"urlTemplate\":\"https:\/\/geziyoo.co\/blog\/?s={search_term_string}\"},\"query-input\":{\"@type\":\"PropertyValueSpecification\",\"valueRequired\":true,\"valueName\":\"search_term_string\"}}],\"inLanguage\":\"tr\"},{\"@type\":\"Organization\",\"@id\":\"https:\/\/geziyoo.co\/blog\/#organization\",\"name\":\"Geziyoo.co\",\"url\":\"https:\/\/geziyoo.co\/blog\/\",\"logo\":{\"@type\":\"ImageObject\",\"inLanguage\":\"tr\",\"@id\":\"https:\/\/geziyoo.co\/blog\/#\/schema\/logo\/image\/\",\"url\":\"https:\/\/geziyoo.co\/blog\/wp-content\/uploads\/2025\/01\/Paragraf-metniniz-3.png\",\"contentUrl\":\"https:\/\/geziyoo.co\/blog\/wp-content\/uploads\/2025\/01\/Paragraf-metniniz-3.png\",\"width\":270,\"height\":50,\"caption\":\"Geziyoo.co\"},\"image\":{\"@id\":\"https:\/\/geziyoo.co\/blog\/#\/schema\/logo\/image\/\"},\"sameAs\":[\"https:\/\/www.facebook.com\/Geziyooco\",\"https:\/\/x.com\/geziyoo\",\"https:\/\/tr.pinterest.com\/geziyooco\/\",\"https:\/\/www.youtube.com\/@geziyoo\",\"https:\/\/www.instagram.com\/geziyoo.co\/\"]}]}<\/script>\n<!-- \/ Yoast SEO plugin. -->","yoast_head_json":{"title":"A'dan Z'ye Karavan Rehberi: Rotalar ve \u0130pu\u00e7lar\u0131 | Geziyoo","description":"Karavan hayat\u0131na dair her \u015fey! Modeller, rotalar ve kiral\u0131k karavan park alanlar\u0131n\u0131 listeledik. \u0130\u015fletme telefonlar\u0131 ve konum bilgileri.","robots":{"index":"index","follow":"follow","max-snippet":"max-snippet:-1","max-image-preview":"max-image-preview:large","max-video-preview":"max-video-preview:-1"},"canonical":"https:\/\/geziyoo.co\/blog\/karavan\/","og_locale":"tr_TR","og_type":"article","og_title":"A'dan Z'ye Karavan Rehberi: Rotalar ve \u0130pu\u00e7lar\u0131 | Geziyoo","og_description":"Karavan hayat\u0131na dair her \u015fey! Modeller, rotalar ve kiral\u0131k karavan park alanlar\u0131n\u0131 listeledik. \u0130\u015fletme telefonlar\u0131 ve konum bilgileri.","og_url":"https:\/\/geziyoo.co\/blog\/karavan\/","og_site_name":"Geziyoo.co","article_publisher":"https:\/\/www.facebook.com\/Geziyooco","article_modified_time":"2026-02-03T14:52:17+00:00","og_image":[{"width":1200,"height":800,"url":"https:\/\/geziyoo.co\/blog\/wp-content\/uploads\/2021\/05\/2021-Yili-Karavan-Muayene-Ucreti-Ne-Kadar-scaled.jpg","type":"image\/jpeg"}],"twitter_card":"summary_large_image","twitter_site":"@geziyoo","twitter_misc":{"Tahmini okuma s\u00fcresi":"2 dakika"},"schema":{"@context":"https:\/\/schema.org","@graph":[{"@type":"WebPage","@id":"https:\/\/geziyoo.co\/blog\/karavan\/","url":"https:\/\/geziyoo.co\/blog\/karavan\/","name":"A'dan Z'ye Karavan Rehberi: Rotalar ve \u0130pu\u00e7lar\u0131 | Geziyoo","isPartOf":{"@id":"https:\/\/geziyoo.co\/blog\/#website"},"primaryImageOfPage":{"@id":"https:\/\/geziyoo.co\/blog\/karavan\/#primaryimage"},"image":{"@id":"https:\/\/geziyoo.co\/blog\/karavan\/#primaryimage"},"thumbnailUrl":"https:\/\/geziyoo.co\/blog\/wp-content\/uploads\/2021\/05\/2021-Yili-Karavan-Muayene-Ucreti-Ne-Kadar-scaled.jpg","datePublished":"2022-01-24T03:19:39+00:00","dateModified":"2026-02-03T14:52:17+00:00","description":"Karavan hayat\u0131na dair her \u015fey! Modeller, rotalar ve kiral\u0131k karavan park alanlar\u0131n\u0131 listeledik. \u0130\u015fletme telefonlar\u0131 ve konum bilgileri.","breadcrumb":{"@id":"https:\/\/geziyoo.co\/blog\/karavan\/#breadcrumb"},"inLanguage":"tr","potentialAction":[{"@type":"ReadAction","target":["https:\/\/geziyoo.co\/blog\/karavan\/"]}]},{"@type":"ImageObject","inLanguage":"tr","@id":"https:\/\/geziyoo.co\/blog\/karavan\/#primaryimage","url":"https:\/\/geziyoo.co\/blog\/wp-content\/uploads\/2021\/05\/2021-Yili-Karavan-Muayene-Ucreti-Ne-Kadar-scaled.jpg","contentUrl":"https:\/\/geziyoo.co\/blog\/wp-content\/uploads\/2021\/05\/2021-Yili-Karavan-Muayene-Ucreti-Ne-Kadar-scaled.jpg","width":1200,"height":800,"caption":"2021 Y\u0131l\u0131 Karavan Muayene \u00dccreti Ne Kadar"},{"@type":"BreadcrumbList","@id":"https:\/\/geziyoo.co\/blog\/karavan\/#breadcrumb","itemListElement":[{"@type":"ListItem","position":1,"name":"Ana sayfa","item":"https:\/\/geziyoo.co\/blog\/"},{"@type":"ListItem","position":2,"name":"Karavan Hakk\u0131nda Her \u015eey: Modeller, Rotalar ve Kamp Alanlar\u0131 (\u0130leti\u015fim ve Konum)"}]},{"@type":"WebSite","@id":"https:\/\/geziyoo.co\/blog\/#website","url":"https:\/\/geziyoo.co\/blog\/","name":"Geziyoo Blog","description":"GeziYoo Blog&#039;da T\u00fcrkiye&#039;nin en iyi kamp alanlar\u0131ndan bungalov tatillerine, karavan ipu\u00e7lar\u0131ndan gezi rehberlerine kadar her t\u00fcrl\u00fc do\u011fa deneyimini ke\u015ffedin.","publisher":{"@id":"https:\/\/geziyoo.co\/blog\/#organization"},"potentialAction":[{"@type":"SearchAction","target":{"@type":"EntryPoint","urlTemplate":"https:\/\/geziyoo.co\/blog\/?s={search_term_string}"},"query-input":{"@type":"PropertyValueSpecification","valueRequired":true,"valueName":"search_term_string"}}],"inLanguage":"tr"},{"@type":"Organization","@id":"https:\/\/geziyoo.co\/blog\/#organization","name":"Geziyoo.co","url":"https:\/\/geziyoo.co\/blog\/","logo":{"@type":"ImageObject","inLanguage":"tr","@id":"https:\/\/geziyoo.co\/blog\/#\/schema\/logo\/image\/","url":"https:\/\/geziyoo.co\/blog\/wp-content\/uploads\/2025\/01\/Paragraf-metniniz-3.png","contentUrl":"https:\/\/geziyoo.co\/blog\/wp-content\/uploads\/2025\/01\/Paragraf-metniniz-3.png","width":270,"height":50,"caption":"Geziyoo.co"},"image":{"@id":"https:\/\/geziyoo.co\/blog\/#\/schema\/logo\/image\/"},"sameAs":["https:\/\/www.facebook.com\/Geziyooco","https:\/\/x.com\/geziyoo","https:\/\/tr.pinterest.com\/geziyooco\/","https:\/\/www.youtube.com\/@geziyoo","https:\/\/www.instagram.com\/geziyoo.co\/"]}]}},"amp_enabled":false,"_links":{"self":[{"href":"https:\/\/geziyoo.co\/blog\/wp-json\/wp\/v2\/pages\/9030","targetHints":{"allow":["GET"]}}],"collection":[{"href":"https:\/\/geziyoo.co\/blog\/wp-json\/wp\/v2\/pages"}],"about":[{"href":"https:\/\/geziyoo.co\/blog\/wp-json\/wp\/v2\/types\/page"}],"author":[{"embeddable":true,"href":"https:\/\/geziyoo.co\/blog\/wp-json\/wp\/v2\/users\/1"}],"replies":[{"embeddable":true,"href":"https:\/\/geziyoo.co\/blog\/wp-json\/wp\/v2\/comments?post=9030"}],"version-history":[{"count":0,"href":"https:\/\/geziyoo.co\/blog\/wp-json\/wp\/v2\/pages\/9030\/revisions"}],"wp:featuredmedia":[{"embeddable":true,"href":"https:\/\/geziyoo.co\/blog\/wp-json\/wp\/v2\/media\/6793"}],"wp:attachment":[{"href":"https:\/\/geziyoo.co\/blog\/wp-json\/wp\/v2\/media?parent=9030"}],"curies":[{"name":"wp","href":"https:\/\/api.w.org\/{rel}","templated":true}]}}