{"id":5404,"date":"2020-04-19T14:47:25","date_gmt":"2020-04-19T14:47:25","guid":{"rendered":"https:\/\/geziyoo.co\/blog\/tiehome\/"},"modified":"2026-03-03T14:52:23","modified_gmt":"2026-03-03T14:52:23","slug":"kamp","status":"publish","type":"page","link":"https:\/\/geziyoo.co\/blog\/","title":{"rendered":"Geziyoo Blog | Kamp, Bungalov, Karavan ve Gezi Rehberi"},"content":{"rendered":"\n<p><strong>Geziyoo.co Blog<\/strong> sayfam\u0131zda Ana sitemize ek olarak Kamp \u0130pu\u00e7lar\u0131, <strong><em>Karavan ve Kamp Alanlar\u0131 <\/em><\/strong>, Kamp ve Karavana dair her t\u00fcrl\u00fc bilgiyi sizlerle bulu\u015fturduk<\/p>\n\n\n\n<p>\u00dclkemizde son y\u0131llarda Kamp ve Karavan \u00e7ok b\u00fcy\u00fck ilgi g\u00f6rmekte ve bundan dolay\u0131da ister istemez kaynak s\u0131k\u0131nt\u0131s\u0131 \u00e7ekilmekte.Hali haz\u0131rda <strong><em>Gezelim.me<\/em><\/strong> blo\u011fumuzun yan\u0131 s\u0131ra kamp karavanc\u0131l\u0131k ile ilgili bir blog ve tan\u0131t\u0131m sitesi haz\u0131rlama fikrimiz ortaya \u00e7\u0131kt\u0131.<\/p>\n\n\n\n<p>Ana sayfam\u0131zda \u00dccretli kamp ve karavan alanlar\u0131, da\u011f evleri, bungalovlar\u0131 tan\u0131t\u0131rken, Blog sayfam\u0131zda ise \u00dccretsiz Kamp ve Karavan Alanlar\u0131n\u0131,Birbirinden ilgin\u00e7 bilgileri,ipuclar\u0131, fotoraflar\u0131 ve ilginizi \u00e7ekebilece\u011fini d\u00fc\u015f\u00fcnd\u00fc\u011f\u00fcm\u00fcz videolara yer verdik.<\/p>\n\n\n\n<p>\u0130lerleyen zamanlarda Outdoor \u00fcr\u00fcnlerinin sat\u0131\u015f\u0131na da in\u015fallah ba\u015flayaca\u011f\u0131z.Bununla ilgili pek bilgimiz olmad\u0131\u011f\u0131ndan \u015fimdilik ara\u015ft\u0131rma ve geli\u015ftirme s\u00fcrecindeyiz.<\/p>\n\n\n\n<p>Tabiki farkl\u0131 d\u00fc\u015f\u00fcncelerimizde var.Bunlardan bir tanesi gezi ve seyahat forumu kurmak.Burada fikirlerinizi rahat bir \u015fekilde belirtebilir ve \u00f6neriler sunabilirsiniz.<\/p>\n\n\n\n<p>Do\u011fa ile i\u00e7 i\u00e7e olabilece\u011finiz yerler,do\u011fa aktivite alanlar\u0131,<strong><em><a href=\"https:\/\/geziyoo.co\/listing-category\/turkiye-karavan-alanlari-ve-parklari\/\" class=\"rank-math-link\">Karavan Parklar\u0131<\/a><\/em><\/strong>,<strong><em><a href=\"https:\/\/geziyoo.co\/listing-category\/turkiyedeki-kamp-alanlari\/\" class=\"rank-math-link\">Kamp Alanlar\u0131<\/a><\/em><\/strong>,<strong><em><a href=\"https:\/\/geziyoo.co\/listing-category\/turkiyedeki-bungalov-evler-ve-bungalov-oteller\/\" class=\"rank-math-link\">Bungalov Evler<\/a><\/em><\/strong>,<strong><em><a href=\"https:\/\/geziyoo.co\/listing-category\/turkiye-tiny-house-evleri\/\" class=\"rank-math-link\">Tiny House Evler<\/a><\/em><\/strong>,<strong><em><a href=\"https:\/\/geziyoo.co\/listing-category\/turkiyedeki-glampingler\/\" class=\"rank-math-link\">Glampingler<\/a><\/em><\/strong> ve <strong><em><a href=\"https:\/\/geziyoo.co\/listing-category\/turkyede-ki-dag-evleri-ve-tesisleri\/\" class=\"rank-math-link\">Da\u011f Evleri <\/a><\/em><\/strong>herkes i\u00e7in ula\u015f\u0131labilir olmas\u0131n\u0131 sa\u011flamak amac\u0131yla Geziyoo\u2019ya 2019 y\u0131l\u0131nda ba\u015flad\u0131k.<\/p>\n\n\n\n<p>Do\u011fa ile i\u00e7 i\u00e7e olan i\u015fletmelere rezervasyon ve yorum yapabilmenizi sa\u011flayan Geziyoo birbirinden g\u00fczel kamp alanlar\u0131, bungalov evler,Tiny House Evleri,Glampingler ve karavan\u0131n\u0131z ile keyifli zaman ge\u00e7irebilece\u011finiz karavan parklar\u0131n\u0131n detayl\u0131 bilgilerini,fiyatlar\u0131n\u0131,olanaklar\u0131n\u0131 ve ileti\u015fim bilgilerini bulabilirsiniz.<\/p>\n\n\n\n<p>Geziyoo.co \u2018da toplam 6 ana kategorimiz bulunmakta bunlar; Kamp Alanlar\u0131,Karavan Alanlar\u0131,Bungalovlar,Glampingler,Tiny Houselar ve Da\u011f Evleridir.\u0130lerleyen d\u00f6nemlerde yeni kategoriler ile kar\u015f\u0131n\u0131za \u00e7\u0131kmay\u0131 hedeflemekteyiz.<\/p>\n\n\n\n<p>Toplululu\u011fumuz da \u015fuan 17 adet \u015fehir bulunmaktad\u0131r.Bunlar Antalya,Bal\u0131kesir,Bolu,Bursa,\u00c7anakkale ,Edirne,\u0130stanbul,\u0130zmir,K\u0131rklareli,Kocaeli,Mu\u011fla ve Sakarya\u2019d\u0131r.\u0130lerleyen d\u00f6nemlerde yeni \u015fehirler eklemeyi planlamaktay\u0131z.<\/p>\n\n\n\n<p>Ayr\u0131ca Y\u0131llard\u0131r Geziyoo Blog\u2019da sizler i\u00e7in temel kamp\u00e7\u0131l\u0131k ekipmanlar\u0131,Kamp \u0130pu\u00e7lar\u0131 ve \u00dccretsiz Kamp Alanlar\u0131 hakk\u0131nda i\u00e7erikler \u00fcretiyoruz. Geziyoo toplulu\u011fu ile bungalov evler ve karavan parklar\u0131 incelemeleri yap\u0131yor, en be\u011fenilen yerleri kolayca g\u00f6r\u00fcnt\u00fcleyebilmenizi sa\u011fl\u0131yoruz.<\/p>\n\n\n\n<p>Ayr\u0131ca Gezilecek Yerler,G\u00f6r\u00fclecek Yerler, Tatil ve Seyahat ile ilgili i\u00e7erikleri de T\u00fcrkiye\u2019nin en \u015f\u0131k ve donan\u0131ml\u0131 Gezi Blo\u011fu olan Gezelim.me katk\u0131lar\u0131 ile ger\u00e7ekle\u015ftirmekteyiz.<\/p>\n\n\n\n<p>Ba\u015flad\u0131\u011f\u0131m\u0131z ilk g\u00fcnden bu g\u00fcne do\u011fa ve macera turizmi alan\u0131nda fark yaratmay\u0131 hedefimize koyduk ve bunun i\u00e7in \u00e7al\u0131\u015fmalar\u0131m\u0131z\u0131 t\u00fcm h\u0131z\u0131yla s\u00fcrd\u00fcrmekteyiz.Ayr\u0131ca Youtube Kanal\u0131m\u0131zda kamp alanlar\u0131 ve bungalovlar ile ilgili videolar ile de G\u00f6rseller ve g\u00fczel m\u00fczikler e\u015fli\u011finde bilgiler sunmaktay\u0131z.<\/p>\n\n\n\n<p>Siz de\u011ferli kamp ve do\u011faseverler birbirinden g\u00fczel do\u011fal yerleri ke\u015ffetmeyi sevdi\u011fini ve do\u011fru bilgiye de\u011fer verdi\u011finizi biliyoruz. Bunun i\u00e7in en g\u00fcncel i\u00e7erikleri \u00f6nce geziyoo.co\u2019da sonra sosyal medya kanallar\u0131m\u0131zda bizi takip eden sizlerle payla\u015f\u0131yoruz.<\/p>\n\n\n\n<p>A\u011fa\u00e7 evlere, kamp alanlar\u0131na veya karavana merak\u0131n\u0131z varsa do\u011fru yerde oldu\u011funuzu bilmenizi isteriz. Bizimle g\u00f6r\u00fc\u015flerinizi ve \u00f6nerilerinizi payla\u015fmaktan \u00e7ekinmeyin l\u00fctfen. \u00c7\u00fcnk\u00fc biz gezilecek yerleri ve yeni ke\u015fifleri sizlerle payla\u015fmaktan mutluluk duyuyoruz.<\/p>\n\n\n\n<p>Farkl\u0131 d\u00fc\u015f\u00fcncelerimizden bir tanesi de <strong><em><a rel=\"noreferrer noopener\" href=\"https:\/\/www.youtube.com\/channel\/UCdiSMa6pe17KEY7DP1Ug4ag\" target=\"_blank\">Youtube<\/a><\/em><\/strong> platformu \u00fczerinde olacak.E\u011flenceli ve bilgilendirici kamp yerleri,ipuclar\u0131 ile ilgili videolar haz\u0131rlayaca\u011f\u0131z.<\/p>\n\n\n\n<hr class=\"wp-block-separator has-css-opacity is-style-wide\"\/>\n\n\n\n<h2 class=\"wp-block-heading has-text-align-center\">Geziyoo.co Blog<\/h2>\n\n\n\n<figure class=\"wp-block-image size-large\"><img decoding=\"async\" width=\"1024\" height=\"576\" data-src=\"https:\/\/geziyoo.co\/blog\/wp-content\/uploads\/2023\/02\/geziyoo-kapak-1024x576.jpg\" alt=\"Geziyoo Blog : Bungalovlar, Kamp Alanlar\u0131 ve Tiny House Oteller\" class=\"wp-image-11459 lazyload\" data-srcset=\"https:\/\/geziyoo.co\/blog\/wp-content\/uploads\/2023\/02\/geziyoo-kapak-1024x576.jpg 1024w, https:\/\/geziyoo.co\/blog\/wp-content\/uploads\/2023\/02\/geziyoo-kapak-300x169.jpg 300w, https:\/\/geziyoo.co\/blog\/wp-content\/uploads\/2023\/02\/geziyoo-kapak-768x432.jpg 768w, https:\/\/geziyoo.co\/blog\/wp-content\/uploads\/2023\/02\/geziyoo-kapak-1536x864.jpg 1536w, https:\/\/geziyoo.co\/blog\/wp-content\/uploads\/2023\/02\/geziyoo-kapak-390x220.jpg 390w, https:\/\/geziyoo.co\/blog\/wp-content\/uploads\/2023\/02\/geziyoo-kapak-scaled.jpg 1200w\" data-sizes=\"(max-width: 1024px) 100vw, 1024px\" src=\"data:image\/gif;base64,R0lGODlhAQABAAAAACH5BAEKAAEALAAAAAABAAEAAAICTAEAOw==\" style=\"--smush-placeholder-width: 1024px; --smush-placeholder-aspect-ratio: 1024\/576;\" \/><figcaption class=\"wp-element-caption\">Geziyoo Blog : Bungalovlar, Kamp Alanlar\u0131 ve Tiny House Oteller<\/figcaption><\/figure>\n\n\n\n<p><\/p>\n","protected":false},"excerpt":{"rendered":"<p>Geziyoo.co Blog sayfam\u0131zda Ana sitemize ek olarak Kamp \u0130pu\u00e7lar\u0131, Karavan ve Kamp Alanlar\u0131 , Kamp ve Karavana dair her t\u00fcrl\u00fc bilgiyi sizlerle bulu\u015fturduk \u00dclkemizde son y\u0131llarda Kamp ve Karavan \u00e7ok b\u00fcy\u00fck ilgi g\u00f6rmekte ve bundan dolay\u0131da ister istemez kaynak s\u0131k\u0131nt\u0131s\u0131 \u00e7ekilmekte.Hali haz\u0131rda Gezelim.me blo\u011fumuzun yan\u0131 s\u0131ra kamp karavanc\u0131l\u0131k ile ilgili bir blog ve tan\u0131t\u0131m sitesi &hellip;<\/p>\n","protected":false},"author":1,"featured_media":11459,"parent":0,"menu_order":0,"comment_status":"closed","ping_status":"closed","template":"","meta":{"footnotes":""},"class_list":["post-5404","page","type-page","status-publish","has-post-thumbnail","hentry"],"yoast_head":"<!-- This site is optimized with the Yoast SEO plugin v26.9 - https:\/\/yoast.com\/product\/yoast-seo-wordpress\/ -->\n<title>Geziyoo Blog | Kamp, Bungalov, Karavan ve Gezi Rehberi<\/title>\n<meta name=\"description\" content=\"T\u00fcrkiye&#039;nin en kapsaml\u0131 do\u011fa ve gezi blo\u011fu! Kamp, bungalov ve karavan rotalar\u0131n\u0131 ke\u015ffedin; i\u015fletmelerin telefon ve konumlar\u0131na ula\u015f\u0131p hemen yola \u00e7\u0131k\u0131n.\" \/>\n<meta name=\"robots\" content=\"index, follow, max-snippet:-1, max-image-preview:large, max-video-preview:-1\" \/>\n<link rel=\"canonical\" href=\"https:\/\/geziyoo.co\/blog\/\" \/>\n<meta property=\"og:locale\" content=\"tr_TR\" \/>\n<meta property=\"og:type\" content=\"article\" \/>\n<meta property=\"og:title\" content=\"Geziyoo Blog | Kamp, Bungalov, Karavan ve Gezi Rehberi\" \/>\n<meta property=\"og:description\" content=\"T\u00fcrkiye&#039;nin en kapsaml\u0131 do\u011fa ve gezi blo\u011fu! Kamp, bungalov ve karavan rotalar\u0131n\u0131 ke\u015ffedin; i\u015fletmelerin telefon ve konumlar\u0131na ula\u015f\u0131p hemen yola \u00e7\u0131k\u0131n.\" \/>\n<meta property=\"og:url\" content=\"https:\/\/geziyoo.co\/blog\/\" \/>\n<meta property=\"og:site_name\" content=\"Geziyoo.co\" \/>\n<meta property=\"article:publisher\" content=\"https:\/\/www.facebook.com\/Geziyooco\" \/>\n<meta property=\"article:modified_time\" content=\"2026-03-03T14:52:23+00:00\" \/>\n<meta property=\"og:image\" content=\"https:\/\/geziyoo.co\/blog\/wp-content\/uploads\/2023\/02\/geziyoo-kapak-scaled.jpg\" \/>\n\t<meta property=\"og:image:width\" content=\"1200\" \/>\n\t<meta property=\"og:image:height\" content=\"675\" \/>\n\t<meta property=\"og:image:type\" content=\"image\/jpeg\" \/>\n<meta name=\"twitter:card\" content=\"summary_large_image\" \/>\n<meta name=\"twitter:site\" content=\"@geziyoo\" \/>\n<meta name=\"twitter:label1\" content=\"Tahmini okuma s\u00fcresi\" \/>\n\t<meta name=\"twitter:data1\" content=\"3 dakika\" \/>\n<script type=\"application\/ld+json\" class=\"yoast-schema-graph\">{\"@context\":\"https:\/\/schema.org\",\"@graph\":[{\"@type\":\"WebPage\",\"@id\":\"https:\/\/geziyoo.co\/blog\/\",\"url\":\"https:\/\/geziyoo.co\/blog\/\",\"name\":\"Geziyoo Blog | Kamp, Bungalov, Karavan ve Gezi Rehberi\",\"isPartOf\":{\"@id\":\"https:\/\/geziyoo.co\/blog\/#website\"},\"primaryImageOfPage\":{\"@id\":\"https:\/\/geziyoo.co\/blog\/#primaryimage\"},\"image\":{\"@id\":\"https:\/\/geziyoo.co\/blog\/#primaryimage\"},\"thumbnailUrl\":\"https:\/\/geziyoo.co\/blog\/wp-content\/uploads\/2023\/02\/geziyoo-kapak-scaled.jpg\",\"datePublished\":\"2020-04-19T14:47:25+00:00\",\"dateModified\":\"2026-03-03T14:52:23+00:00\",\"description\":\"T\u00fcrkiye'nin en kapsaml\u0131 do\u011fa ve gezi blo\u011fu! Kamp, bungalov ve karavan rotalar\u0131n\u0131 ke\u015ffedin; i\u015fletmelerin telefon ve konumlar\u0131na ula\u015f\u0131p hemen yola \u00e7\u0131k\u0131n.\",\"breadcrumb\":{\"@id\":\"https:\/\/geziyoo.co\/blog\/#breadcrumb\"},\"inLanguage\":\"tr\",\"potentialAction\":[{\"@type\":\"ReadAction\",\"target\":[\"https:\/\/geziyoo.co\/blog\/\"]}]},{\"@type\":\"ImageObject\",\"inLanguage\":\"tr\",\"@id\":\"https:\/\/geziyoo.co\/blog\/#primaryimage\",\"url\":\"https:\/\/geziyoo.co\/blog\/wp-content\/uploads\/2023\/02\/geziyoo-kapak-scaled.jpg\",\"contentUrl\":\"https:\/\/geziyoo.co\/blog\/wp-content\/uploads\/2023\/02\/geziyoo-kapak-scaled.jpg\",\"width\":1200,\"height\":675},{\"@type\":\"BreadcrumbList\",\"@id\":\"https:\/\/geziyoo.co\/blog\/#breadcrumb\",\"itemListElement\":[{\"@type\":\"ListItem\",\"position\":1,\"name\":\"Ana sayfa\",\"item\":\"https:\/\/geziyoo.co\/blog\/\"},{\"@type\":\"ListItem\",\"position\":2,\"name\":\"Geziyoo Blog | Kamp, Bungalov, Karavan ve Gezi Rehberi\"}]},{\"@type\":\"WebSite\",\"@id\":\"https:\/\/geziyoo.co\/blog\/#website\",\"url\":\"https:\/\/geziyoo.co\/blog\/\",\"name\":\"Geziyoo Blog\",\"description\":\"GeziYoo Blog&#039;da T\u00fcrkiye&#039;nin en iyi kamp alanlar\u0131ndan bungalov tatillerine, karavan ipu\u00e7lar\u0131ndan gezi rehberlerine kadar her t\u00fcrl\u00fc do\u011fa deneyimini ke\u015ffedin.\",\"publisher\":{\"@id\":\"https:\/\/geziyoo.co\/blog\/#organization\"},\"potentialAction\":[{\"@type\":\"SearchAction\",\"target\":{\"@type\":\"EntryPoint\",\"urlTemplate\":\"https:\/\/geziyoo.co\/blog\/?s={search_term_string}\"},\"query-input\":{\"@type\":\"PropertyValueSpecification\",\"valueRequired\":true,\"valueName\":\"search_term_string\"}}],\"inLanguage\":\"tr\"},{\"@type\":\"Organization\",\"@id\":\"https:\/\/geziyoo.co\/blog\/#organization\",\"name\":\"Geziyoo.co\",\"url\":\"https:\/\/geziyoo.co\/blog\/\",\"logo\":{\"@type\":\"ImageObject\",\"inLanguage\":\"tr\",\"@id\":\"https:\/\/geziyoo.co\/blog\/#\/schema\/logo\/image\/\",\"url\":\"https:\/\/geziyoo.co\/blog\/wp-content\/uploads\/2025\/01\/Paragraf-metniniz-3.png\",\"contentUrl\":\"https:\/\/geziyoo.co\/blog\/wp-content\/uploads\/2025\/01\/Paragraf-metniniz-3.png\",\"width\":270,\"height\":50,\"caption\":\"Geziyoo.co\"},\"image\":{\"@id\":\"https:\/\/geziyoo.co\/blog\/#\/schema\/logo\/image\/\"},\"sameAs\":[\"https:\/\/www.facebook.com\/Geziyooco\",\"https:\/\/x.com\/geziyoo\",\"https:\/\/tr.pinterest.com\/geziyooco\/\",\"https:\/\/www.youtube.com\/@geziyoo\",\"https:\/\/www.instagram.com\/geziyoo.co\/\"]}]}<\/script>\n<!-- \/ Yoast SEO plugin. -->","yoast_head_json":{"title":"Geziyoo Blog | Kamp, Bungalov, Karavan ve Gezi Rehberi","description":"T\u00fcrkiye'nin en kapsaml\u0131 do\u011fa ve gezi blo\u011fu! Kamp, bungalov ve karavan rotalar\u0131n\u0131 ke\u015ffedin; i\u015fletmelerin telefon ve konumlar\u0131na ula\u015f\u0131p hemen yola \u00e7\u0131k\u0131n.","robots":{"index":"index","follow":"follow","max-snippet":"max-snippet:-1","max-image-preview":"max-image-preview:large","max-video-preview":"max-video-preview:-1"},"canonical":"https:\/\/geziyoo.co\/blog\/","og_locale":"tr_TR","og_type":"article","og_title":"Geziyoo Blog | Kamp, Bungalov, Karavan ve Gezi Rehberi","og_description":"T\u00fcrkiye'nin en kapsaml\u0131 do\u011fa ve gezi blo\u011fu! Kamp, bungalov ve karavan rotalar\u0131n\u0131 ke\u015ffedin; i\u015fletmelerin telefon ve konumlar\u0131na ula\u015f\u0131p hemen yola \u00e7\u0131k\u0131n.","og_url":"https:\/\/geziyoo.co\/blog\/","og_site_name":"Geziyoo.co","article_publisher":"https:\/\/www.facebook.com\/Geziyooco","article_modified_time":"2026-03-03T14:52:23+00:00","og_image":[{"width":1200,"height":675,"url":"https:\/\/geziyoo.co\/blog\/wp-content\/uploads\/2023\/02\/geziyoo-kapak-scaled.jpg","type":"image\/jpeg"}],"twitter_card":"summary_large_image","twitter_site":"@geziyoo","twitter_misc":{"Tahmini okuma s\u00fcresi":"3 dakika"},"schema":{"@context":"https:\/\/schema.org","@graph":[{"@type":"WebPage","@id":"https:\/\/geziyoo.co\/blog\/","url":"https:\/\/geziyoo.co\/blog\/","name":"Geziyoo Blog | Kamp, Bungalov, Karavan ve Gezi Rehberi","isPartOf":{"@id":"https:\/\/geziyoo.co\/blog\/#website"},"primaryImageOfPage":{"@id":"https:\/\/geziyoo.co\/blog\/#primaryimage"},"image":{"@id":"https:\/\/geziyoo.co\/blog\/#primaryimage"},"thumbnailUrl":"https:\/\/geziyoo.co\/blog\/wp-content\/uploads\/2023\/02\/geziyoo-kapak-scaled.jpg","datePublished":"2020-04-19T14:47:25+00:00","dateModified":"2026-03-03T14:52:23+00:00","description":"T\u00fcrkiye'nin en kapsaml\u0131 do\u011fa ve gezi blo\u011fu! Kamp, bungalov ve karavan rotalar\u0131n\u0131 ke\u015ffedin; i\u015fletmelerin telefon ve konumlar\u0131na ula\u015f\u0131p hemen yola \u00e7\u0131k\u0131n.","breadcrumb":{"@id":"https:\/\/geziyoo.co\/blog\/#breadcrumb"},"inLanguage":"tr","potentialAction":[{"@type":"ReadAction","target":["https:\/\/geziyoo.co\/blog\/"]}]},{"@type":"ImageObject","inLanguage":"tr","@id":"https:\/\/geziyoo.co\/blog\/#primaryimage","url":"https:\/\/geziyoo.co\/blog\/wp-content\/uploads\/2023\/02\/geziyoo-kapak-scaled.jpg","contentUrl":"https:\/\/geziyoo.co\/blog\/wp-content\/uploads\/2023\/02\/geziyoo-kapak-scaled.jpg","width":1200,"height":675},{"@type":"BreadcrumbList","@id":"https:\/\/geziyoo.co\/blog\/#breadcrumb","itemListElement":[{"@type":"ListItem","position":1,"name":"Ana sayfa","item":"https:\/\/geziyoo.co\/blog\/"},{"@type":"ListItem","position":2,"name":"Geziyoo Blog | Kamp, Bungalov, Karavan ve Gezi Rehberi"}]},{"@type":"WebSite","@id":"https:\/\/geziyoo.co\/blog\/#website","url":"https:\/\/geziyoo.co\/blog\/","name":"Geziyoo Blog","description":"GeziYoo Blog&#039;da T\u00fcrkiye&#039;nin en iyi kamp alanlar\u0131ndan bungalov tatillerine, karavan ipu\u00e7lar\u0131ndan gezi rehberlerine kadar her t\u00fcrl\u00fc do\u011fa deneyimini ke\u015ffedin.","publisher":{"@id":"https:\/\/geziyoo.co\/blog\/#organization"},"potentialAction":[{"@type":"SearchAction","target":{"@type":"EntryPoint","urlTemplate":"https:\/\/geziyoo.co\/blog\/?s={search_term_string}"},"query-input":{"@type":"PropertyValueSpecification","valueRequired":true,"valueName":"search_term_string"}}],"inLanguage":"tr"},{"@type":"Organization","@id":"https:\/\/geziyoo.co\/blog\/#organization","name":"Geziyoo.co","url":"https:\/\/geziyoo.co\/blog\/","logo":{"@type":"ImageObject","inLanguage":"tr","@id":"https:\/\/geziyoo.co\/blog\/#\/schema\/logo\/image\/","url":"https:\/\/geziyoo.co\/blog\/wp-content\/uploads\/2025\/01\/Paragraf-metniniz-3.png","contentUrl":"https:\/\/geziyoo.co\/blog\/wp-content\/uploads\/2025\/01\/Paragraf-metniniz-3.png","width":270,"height":50,"caption":"Geziyoo.co"},"image":{"@id":"https:\/\/geziyoo.co\/blog\/#\/schema\/logo\/image\/"},"sameAs":["https:\/\/www.facebook.com\/Geziyooco","https:\/\/x.com\/geziyoo","https:\/\/tr.pinterest.com\/geziyooco\/","https:\/\/www.youtube.com\/@geziyoo","https:\/\/www.instagram.com\/geziyoo.co\/"]}]}},"amp_enabled":false,"_links":{"self":[{"href":"https:\/\/geziyoo.co\/blog\/wp-json\/wp\/v2\/pages\/5404","targetHints":{"allow":["GET"]}}],"collection":[{"href":"https:\/\/geziyoo.co\/blog\/wp-json\/wp\/v2\/pages"}],"about":[{"href":"https:\/\/geziyoo.co\/blog\/wp-json\/wp\/v2\/types\/page"}],"author":[{"embeddable":true,"href":"https:\/\/geziyoo.co\/blog\/wp-json\/wp\/v2\/users\/1"}],"replies":[{"embeddable":true,"href":"https:\/\/geziyoo.co\/blog\/wp-json\/wp\/v2\/comments?post=5404"}],"version-history":[{"count":1,"href":"https:\/\/geziyoo.co\/blog\/wp-json\/wp\/v2\/pages\/5404\/revisions"}],"predecessor-version":[{"id":24367,"href":"https:\/\/geziyoo.co\/blog\/wp-json\/wp\/v2\/pages\/5404\/revisions\/24367"}],"wp:featuredmedia":[{"embeddable":true,"href":"https:\/\/geziyoo.co\/blog\/wp-json\/wp\/v2\/media\/11459"}],"wp:attachment":[{"href":"https:\/\/geziyoo.co\/blog\/wp-json\/wp\/v2\/media?parent=5404"}],"curies":[{"name":"wp","href":"https:\/\/api.w.org\/{rel}","templated":true}]}}