{"id":23339,"date":"2026-01-22T10:59:29","date_gmt":"2026-01-22T10:59:29","guid":{"rendered":"https:\/\/geziyoo.co\/blog\/?page_id=23339"},"modified":"2026-02-06T14:44:19","modified_gmt":"2026-02-06T14:44:19","slug":"gezi-rehberi","status":"publish","type":"page","link":"https:\/\/geziyoo.co\/blog\/gezi-rehberi\/","title":{"rendered":"T\u00fcrkiye Gezi Rehberi: Gezilecek Yerler, Testler ve \u0130pu\u00e7lar\u0131 ve \u00d6zel Seyahat Ara\u00e7lar\u0131"},"content":{"rendered":"\n<h2 class=\"wp-block-heading\"><strong>T\u00fcrkiye&#8217;nin en renkli gezi rehberi! Gezilecek yerler, e\u011flenceli testler, seyahat ipu\u00e7lar\u0131 ve \u00f6zel listeler bir arada. Rotalar ve konum bilgileri Geziyoo&#8217;da.<\/strong><\/h2>\n","protected":false},"excerpt":{"rendered":"<p>T\u00fcrkiye&#8217;nin en renkli gezi rehberi! Gezilecek yerler, e\u011flenceli testler, seyahat ipu\u00e7lar\u0131 ve \u00f6zel listeler bir arada. Rotalar ve konum bilgileri Geziyoo&#8217;da.<\/p>\n","protected":false},"author":1,"featured_media":19285,"parent":0,"menu_order":0,"comment_status":"closed","ping_status":"closed","template":"","meta":{"footnotes":""},"class_list":["post-23339","page","type-page","status-publish","has-post-thumbnail","hentry"],"yoast_head":"<!-- This site is optimized with the Yoast SEO plugin v26.9 - https:\/\/yoast.com\/product\/yoast-seo-wordpress\/ -->\n<title>Gezi Rehberi ve Gezilecek Yerler: Testler ve Listeler | Geziyoo<\/title>\n<meta name=\"description\" content=\"T\u00fcrkiye&#039;nin en renkli gezi rehberi! Gezilecek yerler, e\u011flenceli testler, seyahat ipu\u00e7lar\u0131 ve \u00f6zel listeler bir arada. Rotalar ve ara\u00e7lar.\" \/>\n<meta name=\"robots\" content=\"index, follow, max-snippet:-1, max-image-preview:large, max-video-preview:-1\" \/>\n<link rel=\"canonical\" href=\"https:\/\/geziyoo.co\/blog\/gezi-rehberi\/\" \/>\n<meta property=\"og:locale\" content=\"tr_TR\" \/>\n<meta property=\"og:type\" content=\"article\" \/>\n<meta property=\"og:title\" content=\"Gezi Rehberi ve Gezilecek Yerler: Testler ve Listeler | Geziyoo\" \/>\n<meta property=\"og:description\" content=\"T\u00fcrkiye&#039;nin en renkli gezi rehberi! Gezilecek yerler, e\u011flenceli testler, seyahat ipu\u00e7lar\u0131 ve \u00f6zel listeler bir arada. Rotalar ve ara\u00e7lar.\" \/>\n<meta property=\"og:url\" content=\"https:\/\/geziyoo.co\/blog\/gezi-rehberi\/\" \/>\n<meta property=\"og:site_name\" content=\"Geziyoo.co\" \/>\n<meta property=\"article:publisher\" content=\"https:\/\/www.facebook.com\/Geziyooco\" \/>\n<meta property=\"article:modified_time\" content=\"2026-02-06T14:44:19+00:00\" \/>\n<meta property=\"og:image\" content=\"https:\/\/geziyoo.co\/blog\/wp-content\/uploads\/2024\/10\/En-Iyi-Kamp-Sandalyesi-Nasil-Secilir-6.jpg\" \/>\n\t<meta property=\"og:image:width\" content=\"1200\" \/>\n\t<meta property=\"og:image:height\" content=\"800\" \/>\n\t<meta property=\"og:image:type\" content=\"image\/jpeg\" \/>\n<meta name=\"twitter:card\" content=\"summary_large_image\" \/>\n<meta name=\"twitter:site\" content=\"@geziyoo\" \/>\n<meta name=\"twitter:label1\" content=\"Tahmini okuma s\u00fcresi\" \/>\n\t<meta name=\"twitter:data1\" content=\"1 dakika\" \/>\n<script type=\"application\/ld+json\" class=\"yoast-schema-graph\">{\"@context\":\"https:\/\/schema.org\",\"@graph\":[{\"@type\":\"WebPage\",\"@id\":\"https:\/\/geziyoo.co\/blog\/gezi-rehberi\/\",\"url\":\"https:\/\/geziyoo.co\/blog\/gezi-rehberi\/\",\"name\":\"Gezi Rehberi ve Gezilecek Yerler: Testler ve Listeler | Geziyoo\",\"isPartOf\":{\"@id\":\"https:\/\/geziyoo.co\/blog\/#website\"},\"primaryImageOfPage\":{\"@id\":\"https:\/\/geziyoo.co\/blog\/gezi-rehberi\/#primaryimage\"},\"image\":{\"@id\":\"https:\/\/geziyoo.co\/blog\/gezi-rehberi\/#primaryimage\"},\"thumbnailUrl\":\"https:\/\/geziyoo.co\/blog\/wp-content\/uploads\/2024\/10\/En-Iyi-Kamp-Sandalyesi-Nasil-Secilir-6.jpg\",\"datePublished\":\"2026-01-22T10:59:29+00:00\",\"dateModified\":\"2026-02-06T14:44:19+00:00\",\"description\":\"T\u00fcrkiye'nin en renkli gezi rehberi! Gezilecek yerler, e\u011flenceli testler, seyahat ipu\u00e7lar\u0131 ve \u00f6zel listeler bir arada. Rotalar ve ara\u00e7lar.\",\"breadcrumb\":{\"@id\":\"https:\/\/geziyoo.co\/blog\/gezi-rehberi\/#breadcrumb\"},\"inLanguage\":\"tr\",\"potentialAction\":[{\"@type\":\"ReadAction\",\"target\":[\"https:\/\/geziyoo.co\/blog\/gezi-rehberi\/\"]}]},{\"@type\":\"ImageObject\",\"inLanguage\":\"tr\",\"@id\":\"https:\/\/geziyoo.co\/blog\/gezi-rehberi\/#primaryimage\",\"url\":\"https:\/\/geziyoo.co\/blog\/wp-content\/uploads\/2024\/10\/En-Iyi-Kamp-Sandalyesi-Nasil-Secilir-6.jpg\",\"contentUrl\":\"https:\/\/geziyoo.co\/blog\/wp-content\/uploads\/2024\/10\/En-Iyi-Kamp-Sandalyesi-Nasil-Secilir-6.jpg\",\"width\":1200,\"height\":800},{\"@type\":\"BreadcrumbList\",\"@id\":\"https:\/\/geziyoo.co\/blog\/gezi-rehberi\/#breadcrumb\",\"itemListElement\":[{\"@type\":\"ListItem\",\"position\":1,\"name\":\"Ana sayfa\",\"item\":\"http:\/\/geziyoo.co\/blog\/\"},{\"@type\":\"ListItem\",\"position\":2,\"name\":\"T\u00fcrkiye Gezi Rehberi: Gezilecek Yerler, Testler ve \u0130pu\u00e7lar\u0131 ve \u00d6zel Seyahat Ara\u00e7lar\u0131\"}]},{\"@type\":\"WebSite\",\"@id\":\"https:\/\/geziyoo.co\/blog\/#website\",\"url\":\"https:\/\/geziyoo.co\/blog\/\",\"name\":\"Geziyoo Blog\",\"description\":\"GeziYoo Blog&#039;da T\u00fcrkiye&#039;nin en iyi kamp alanlar\u0131ndan bungalov tatillerine, karavan ipu\u00e7lar\u0131ndan gezi rehberlerine kadar her t\u00fcrl\u00fc do\u011fa deneyimini ke\u015ffedin.\",\"publisher\":{\"@id\":\"https:\/\/geziyoo.co\/blog\/#organization\"},\"potentialAction\":[{\"@type\":\"SearchAction\",\"target\":{\"@type\":\"EntryPoint\",\"urlTemplate\":\"https:\/\/geziyoo.co\/blog\/?s={search_term_string}\"},\"query-input\":{\"@type\":\"PropertyValueSpecification\",\"valueRequired\":true,\"valueName\":\"search_term_string\"}}],\"inLanguage\":\"tr\"},{\"@type\":\"Organization\",\"@id\":\"https:\/\/geziyoo.co\/blog\/#organization\",\"name\":\"Geziyoo.co\",\"url\":\"https:\/\/geziyoo.co\/blog\/\",\"logo\":{\"@type\":\"ImageObject\",\"inLanguage\":\"tr\",\"@id\":\"https:\/\/geziyoo.co\/blog\/#\/schema\/logo\/image\/\",\"url\":\"https:\/\/geziyoo.co\/blog\/wp-content\/uploads\/2025\/01\/Paragraf-metniniz-3.png\",\"contentUrl\":\"https:\/\/geziyoo.co\/blog\/wp-content\/uploads\/2025\/01\/Paragraf-metniniz-3.png\",\"width\":270,\"height\":50,\"caption\":\"Geziyoo.co\"},\"image\":{\"@id\":\"https:\/\/geziyoo.co\/blog\/#\/schema\/logo\/image\/\"},\"sameAs\":[\"https:\/\/www.facebook.com\/Geziyooco\",\"https:\/\/x.com\/geziyoo\",\"https:\/\/tr.pinterest.com\/geziyooco\/\",\"https:\/\/www.youtube.com\/@geziyoo\",\"https:\/\/www.instagram.com\/geziyoo.co\/\"]}]}<\/script>\n<!-- \/ Yoast SEO plugin. -->","yoast_head_json":{"title":"Gezi Rehberi ve Gezilecek Yerler: Testler ve Listeler | Geziyoo","description":"T\u00fcrkiye'nin en renkli gezi rehberi! Gezilecek yerler, e\u011flenceli testler, seyahat ipu\u00e7lar\u0131 ve \u00f6zel listeler bir arada. Rotalar ve ara\u00e7lar.","robots":{"index":"index","follow":"follow","max-snippet":"max-snippet:-1","max-image-preview":"max-image-preview:large","max-video-preview":"max-video-preview:-1"},"canonical":"https:\/\/geziyoo.co\/blog\/gezi-rehberi\/","og_locale":"tr_TR","og_type":"article","og_title":"Gezi Rehberi ve Gezilecek Yerler: Testler ve Listeler | Geziyoo","og_description":"T\u00fcrkiye'nin en renkli gezi rehberi! Gezilecek yerler, e\u011flenceli testler, seyahat ipu\u00e7lar\u0131 ve \u00f6zel listeler bir arada. Rotalar ve ara\u00e7lar.","og_url":"https:\/\/geziyoo.co\/blog\/gezi-rehberi\/","og_site_name":"Geziyoo.co","article_publisher":"https:\/\/www.facebook.com\/Geziyooco","article_modified_time":"2026-02-06T14:44:19+00:00","og_image":[{"width":1200,"height":800,"url":"https:\/\/geziyoo.co\/blog\/wp-content\/uploads\/2024\/10\/En-Iyi-Kamp-Sandalyesi-Nasil-Secilir-6.jpg","type":"image\/jpeg"}],"twitter_card":"summary_large_image","twitter_site":"@geziyoo","twitter_misc":{"Tahmini okuma s\u00fcresi":"1 dakika"},"schema":{"@context":"https:\/\/schema.org","@graph":[{"@type":"WebPage","@id":"https:\/\/geziyoo.co\/blog\/gezi-rehberi\/","url":"https:\/\/geziyoo.co\/blog\/gezi-rehberi\/","name":"Gezi Rehberi ve Gezilecek Yerler: Testler ve Listeler | Geziyoo","isPartOf":{"@id":"https:\/\/geziyoo.co\/blog\/#website"},"primaryImageOfPage":{"@id":"https:\/\/geziyoo.co\/blog\/gezi-rehberi\/#primaryimage"},"image":{"@id":"https:\/\/geziyoo.co\/blog\/gezi-rehberi\/#primaryimage"},"thumbnailUrl":"https:\/\/geziyoo.co\/blog\/wp-content\/uploads\/2024\/10\/En-Iyi-Kamp-Sandalyesi-Nasil-Secilir-6.jpg","datePublished":"2026-01-22T10:59:29+00:00","dateModified":"2026-02-06T14:44:19+00:00","description":"T\u00fcrkiye'nin en renkli gezi rehberi! Gezilecek yerler, e\u011flenceli testler, seyahat ipu\u00e7lar\u0131 ve \u00f6zel listeler bir arada. Rotalar ve ara\u00e7lar.","breadcrumb":{"@id":"https:\/\/geziyoo.co\/blog\/gezi-rehberi\/#breadcrumb"},"inLanguage":"tr","potentialAction":[{"@type":"ReadAction","target":["https:\/\/geziyoo.co\/blog\/gezi-rehberi\/"]}]},{"@type":"ImageObject","inLanguage":"tr","@id":"https:\/\/geziyoo.co\/blog\/gezi-rehberi\/#primaryimage","url":"https:\/\/geziyoo.co\/blog\/wp-content\/uploads\/2024\/10\/En-Iyi-Kamp-Sandalyesi-Nasil-Secilir-6.jpg","contentUrl":"https:\/\/geziyoo.co\/blog\/wp-content\/uploads\/2024\/10\/En-Iyi-Kamp-Sandalyesi-Nasil-Secilir-6.jpg","width":1200,"height":800},{"@type":"BreadcrumbList","@id":"https:\/\/geziyoo.co\/blog\/gezi-rehberi\/#breadcrumb","itemListElement":[{"@type":"ListItem","position":1,"name":"Ana sayfa","item":"http:\/\/geziyoo.co\/blog\/"},{"@type":"ListItem","position":2,"name":"T\u00fcrkiye Gezi Rehberi: Gezilecek Yerler, Testler ve \u0130pu\u00e7lar\u0131 ve \u00d6zel Seyahat Ara\u00e7lar\u0131"}]},{"@type":"WebSite","@id":"https:\/\/geziyoo.co\/blog\/#website","url":"https:\/\/geziyoo.co\/blog\/","name":"Geziyoo Blog","description":"GeziYoo Blog&#039;da T\u00fcrkiye&#039;nin en iyi kamp alanlar\u0131ndan bungalov tatillerine, karavan ipu\u00e7lar\u0131ndan gezi rehberlerine kadar her t\u00fcrl\u00fc do\u011fa deneyimini ke\u015ffedin.","publisher":{"@id":"https:\/\/geziyoo.co\/blog\/#organization"},"potentialAction":[{"@type":"SearchAction","target":{"@type":"EntryPoint","urlTemplate":"https:\/\/geziyoo.co\/blog\/?s={search_term_string}"},"query-input":{"@type":"PropertyValueSpecification","valueRequired":true,"valueName":"search_term_string"}}],"inLanguage":"tr"},{"@type":"Organization","@id":"https:\/\/geziyoo.co\/blog\/#organization","name":"Geziyoo.co","url":"https:\/\/geziyoo.co\/blog\/","logo":{"@type":"ImageObject","inLanguage":"tr","@id":"https:\/\/geziyoo.co\/blog\/#\/schema\/logo\/image\/","url":"https:\/\/geziyoo.co\/blog\/wp-content\/uploads\/2025\/01\/Paragraf-metniniz-3.png","contentUrl":"https:\/\/geziyoo.co\/blog\/wp-content\/uploads\/2025\/01\/Paragraf-metniniz-3.png","width":270,"height":50,"caption":"Geziyoo.co"},"image":{"@id":"https:\/\/geziyoo.co\/blog\/#\/schema\/logo\/image\/"},"sameAs":["https:\/\/www.facebook.com\/Geziyooco","https:\/\/x.com\/geziyoo","https:\/\/tr.pinterest.com\/geziyooco\/","https:\/\/www.youtube.com\/@geziyoo","https:\/\/www.instagram.com\/geziyoo.co\/"]}]}},"amp_enabled":false,"_links":{"self":[{"href":"https:\/\/geziyoo.co\/blog\/wp-json\/wp\/v2\/pages\/23339","targetHints":{"allow":["GET"]}}],"collection":[{"href":"https:\/\/geziyoo.co\/blog\/wp-json\/wp\/v2\/pages"}],"about":[{"href":"https:\/\/geziyoo.co\/blog\/wp-json\/wp\/v2\/types\/page"}],"author":[{"embeddable":true,"href":"https:\/\/geziyoo.co\/blog\/wp-json\/wp\/v2\/users\/1"}],"replies":[{"embeddable":true,"href":"https:\/\/geziyoo.co\/blog\/wp-json\/wp\/v2\/comments?post=23339"}],"version-history":[{"count":0,"href":"https:\/\/geziyoo.co\/blog\/wp-json\/wp\/v2\/pages\/23339\/revisions"}],"wp:featuredmedia":[{"embeddable":true,"href":"https:\/\/geziyoo.co\/blog\/wp-json\/wp\/v2\/media\/19285"}],"wp:attachment":[{"href":"https:\/\/geziyoo.co\/blog\/wp-json\/wp\/v2\/media?parent=23339"}],"curies":[{"name":"wp","href":"https:\/\/api.w.org\/{rel}","templated":true}]}}