{"id":13233,"date":"2023-06-20T08:04:32","date_gmt":"2023-06-20T08:04:32","guid":{"rendered":"https:\/\/geziyoo.co\/blog\/?page_id=13233"},"modified":"2026-02-09T11:29:57","modified_gmt":"2026-02-09T11:29:57","slug":"tiny-house","status":"publish","type":"page","link":"https:\/\/geziyoo.co\/blog\/tiny-house\/","title":{"rendered":"Tiny House Hakk\u0131nda Her \u015eey: Modeller, Yasal \u0130zinler ve Konaklama (\u0130leti\u015fim ve Konum)"},"content":{"rendered":"\n<h4 class=\"wp-block-heading\"><strong><em>Tiny House Blog<\/em><\/strong> <strong><em>(\u0130pu\u00e7lar\u0131, Tiny House Projeleri, \u00d6neriler) \u0130pu\u00e7lar\u0131<\/em><\/strong> sayfas\u0131nda Tiny House \u0130pu\u00e7lar\u0131, Tiny House Yemekleri, Tiny House&#8217;da Yap\u0131lacak \u015feyler ve Tiny House \u0130le \u0130lgili Her\u015fey oldu\u011fu minimal ya\u015fam hayalini kuranlara \u00f6zel olarak tasarlanan bir sayfa<\/h4>\n\n\n\n<h3 class=\"wp-block-heading\"><strong>Tiny House Nedir?<\/strong><\/h3>\n\n\n\n<p>Tiny House, genellikle 400 metrekare ya da daha k\u00fc\u00e7\u00fck olan, ya\u015famsal fonksiyonlara cevap verebilecek yatak, mutfak, du\u015f, tuvalet ve oturma birimi donan\u0131mlar\u0131na sahip, tekerlekli ya da sabit, minimal ve s\u00fcrd\u00fcr\u00fclebilir ya\u015fam alanlar\u0131d\u0131r.<\/p>\n\n\n\n<h3 class=\"wp-block-heading\"><strong>Tiny House Tarihi<\/strong><\/h3>\n\n\n\n<p>Tiny House konsepti, daha basit ve s\u00fcrd\u00fcr\u00fclebilir bir ya\u015fam bi\u00e7imine y\u00f6nelme e\u011filimine kar\u015f\u0131l\u0131k olarak ortaya \u00e7\u0131kt\u0131. 2000&#8217;lerin ba\u015f\u0131nda, \u00f6zellikle ABD&#8217;de, m\u00fclkiyet maliyetlerinin y\u00fcksekli\u011fi ve ekolojik endi\u015feler sebebiyle tiny house hareketi pop\u00fclerlik kazand\u0131. Bu hareket, insanlar\u0131 daha k\u00fc\u00e7\u00fck, daha ucuz ve daha s\u00fcrd\u00fcr\u00fclebilir evler in\u015fa etmeye te\u015fvik ediyor.<\/p>\n\n\n\n<h2 class=\"wp-block-heading\"><strong>Tiny House \u00c7e\u015fitleri<\/strong><\/h2>\n\n\n\n<p><strong><em><a href=\"https:\/\/tinyhouse.co\/blog\/tiny-house-cesitleri\/\" data-type=\"post\" data-id=\"4436\">Tiny House \u00c7e\u015fitleri<\/a><\/em> <\/strong> \u00e7ok \u00e7e\u015fitlidir ve tasar\u0131mlar genellikle sahiplerinin ki\u015fisel ihtiya\u00e7lar\u0131na ve tercihlerine g\u00f6re \u00f6zelle\u015ftirilmi\u015ftir. Ancak, birka\u00e7 yayg\u0131n kategoriye ayr\u0131labilirler: <\/p>\n\n\n\n<ul class=\"wp-block-list\">\n<li> 1. Tekerlekli Tiny House&#8217;lar (Mobile Tiny Houses) <\/li>\n\n\n\n<li>2. Konteyner Tiny House&#8217;lar (Container Tiny Houses) <\/li>\n\n\n\n<li>3. Ah\u015fap Tiny House&#8217;lar (Wooden Tiny Houses) <\/li>\n\n\n\n<li>4. Ta\u015f Tiny House&#8217;lar (Stone Tiny Houses) <\/li>\n\n\n\n<li>5. Cam Tiny House&#8217;lar (Glass Tiny Houses) <\/li>\n\n\n\n<li>6. \u00c7ift Katl\u0131 Tiny House&#8217;lar (Two-storey Tiny Houses) <\/li>\n\n\n\n<li>7. Eko-Dost Tiny House&#8217;lar (Eco-Friendly Tiny Houses) <\/li>\n\n\n\n<li>8. Mod\u00fcler Tiny House&#8217;lar (Modular Tiny Houses)<\/li>\n<\/ul>\n","protected":false},"excerpt":{"rendered":"<p>Tiny House Blog (\u0130pu\u00e7lar\u0131, Tiny House Projeleri, \u00d6neriler) \u0130pu\u00e7lar\u0131 sayfas\u0131nda Tiny House \u0130pu\u00e7lar\u0131, Tiny House Yemekleri, Tiny House&#8217;da Yap\u0131lacak \u015feyler ve Tiny House \u0130le \u0130lgili Her\u015fey oldu\u011fu minimal ya\u015fam hayalini kuranlara \u00f6zel olarak tasarlanan bir sayfa Tiny House Nedir? Tiny House, genellikle 400 metrekare ya da daha k\u00fc\u00e7\u00fck olan, ya\u015famsal fonksiyonlara cevap verebilecek yatak, mutfak, &hellip;<\/p>\n","protected":false},"author":1,"featured_media":12567,"parent":0,"menu_order":0,"comment_status":"closed","ping_status":"closed","template":"","meta":{"footnotes":""},"class_list":["post-13233","page","type-page","status-publish","has-post-thumbnail","hentry"],"yoast_head":"<!-- This site is optimized with the Yoast SEO plugin v26.9 - https:\/\/yoast.com\/product\/yoast-seo-wordpress\/ -->\n<title>A&#039;dan Z&#039;ye Tiny House Rehberi: Modeller ve Yerler | Geziyoo<\/title>\n<meta name=\"description\" content=\"Tiny House ya\u015fam\u0131na dair her \u015fey! Modeller, yasal izinler ve kiral\u0131k tiny house evleri listeledik. \u0130\u015fletme telefonlar\u0131 ve konum bilgileri\" \/>\n<meta name=\"robots\" content=\"index, follow, max-snippet:-1, max-image-preview:large, max-video-preview:-1\" \/>\n<link rel=\"canonical\" href=\"https:\/\/geziyoo.co\/blog\/tiny-house\/\" \/>\n<meta property=\"og:locale\" content=\"tr_TR\" \/>\n<meta property=\"og:type\" content=\"article\" \/>\n<meta property=\"og:title\" content=\"A&#039;dan Z&#039;ye Tiny House Rehberi: Modeller ve Yerler | Geziyoo\" \/>\n<meta property=\"og:description\" content=\"Tiny House ya\u015fam\u0131na dair her \u015fey! Modeller, yasal izinler ve kiral\u0131k tiny house evleri listeledik. \u0130\u015fletme telefonlar\u0131 ve konum bilgileri\" \/>\n<meta property=\"og:url\" content=\"https:\/\/geziyoo.co\/blog\/tiny-house\/\" \/>\n<meta property=\"og:site_name\" content=\"Geziyoo.co\" \/>\n<meta property=\"article:publisher\" content=\"https:\/\/www.facebook.com\/Geziyooco\" \/>\n<meta property=\"article:modified_time\" content=\"2026-02-09T11:29:57+00:00\" \/>\n<meta property=\"og:image\" content=\"https:\/\/geziyoo.co\/blog\/wp-content\/uploads\/2023\/04\/Tiny-House-yapmak-icin-ne-kadar-butce-gereklidir.jpg\" \/>\n\t<meta property=\"og:image:width\" content=\"1170\" \/>\n\t<meta property=\"og:image:height\" content=\"780\" \/>\n\t<meta property=\"og:image:type\" content=\"image\/jpeg\" \/>\n<meta name=\"twitter:card\" content=\"summary_large_image\" \/>\n<meta name=\"twitter:site\" content=\"@geziyoo\" \/>\n<meta name=\"twitter:label1\" content=\"Tahmini okuma s\u00fcresi\" \/>\n\t<meta name=\"twitter:data1\" content=\"2 dakika\" \/>\n<script type=\"application\/ld+json\" class=\"yoast-schema-graph\">{\"@context\":\"https:\/\/schema.org\",\"@graph\":[{\"@type\":\"WebPage\",\"@id\":\"https:\/\/geziyoo.co\/blog\/tiny-house\/\",\"url\":\"https:\/\/geziyoo.co\/blog\/tiny-house\/\",\"name\":\"A'dan Z'ye Tiny House Rehberi: Modeller ve Yerler | Geziyoo\",\"isPartOf\":{\"@id\":\"https:\/\/geziyoo.co\/blog\/#website\"},\"primaryImageOfPage\":{\"@id\":\"https:\/\/geziyoo.co\/blog\/tiny-house\/#primaryimage\"},\"image\":{\"@id\":\"https:\/\/geziyoo.co\/blog\/tiny-house\/#primaryimage\"},\"thumbnailUrl\":\"https:\/\/geziyoo.co\/blog\/wp-content\/uploads\/2023\/04\/Tiny-House-yapmak-icin-ne-kadar-butce-gereklidir.jpg\",\"datePublished\":\"2023-06-20T08:04:32+00:00\",\"dateModified\":\"2026-02-09T11:29:57+00:00\",\"description\":\"Tiny House ya\u015fam\u0131na dair her \u015fey! Modeller, yasal izinler ve kiral\u0131k tiny house evleri listeledik. \u0130\u015fletme telefonlar\u0131 ve konum bilgileri\",\"breadcrumb\":{\"@id\":\"https:\/\/geziyoo.co\/blog\/tiny-house\/#breadcrumb\"},\"inLanguage\":\"tr\",\"potentialAction\":[{\"@type\":\"ReadAction\",\"target\":[\"https:\/\/geziyoo.co\/blog\/tiny-house\/\"]}]},{\"@type\":\"ImageObject\",\"inLanguage\":\"tr\",\"@id\":\"https:\/\/geziyoo.co\/blog\/tiny-house\/#primaryimage\",\"url\":\"https:\/\/geziyoo.co\/blog\/wp-content\/uploads\/2023\/04\/Tiny-House-yapmak-icin-ne-kadar-butce-gereklidir.jpg\",\"contentUrl\":\"https:\/\/geziyoo.co\/blog\/wp-content\/uploads\/2023\/04\/Tiny-House-yapmak-icin-ne-kadar-butce-gereklidir.jpg\",\"width\":1170,\"height\":780},{\"@type\":\"BreadcrumbList\",\"@id\":\"https:\/\/geziyoo.co\/blog\/tiny-house\/#breadcrumb\",\"itemListElement\":[{\"@type\":\"ListItem\",\"position\":1,\"name\":\"Ana sayfa\",\"item\":\"https:\/\/geziyoo.co\/blog\/\"},{\"@type\":\"ListItem\",\"position\":2,\"name\":\"Tiny House Hakk\u0131nda Her \u015eey: Modeller, Yasal \u0130zinler ve Konaklama (\u0130leti\u015fim ve Konum)\"}]},{\"@type\":\"WebSite\",\"@id\":\"https:\/\/geziyoo.co\/blog\/#website\",\"url\":\"https:\/\/geziyoo.co\/blog\/\",\"name\":\"Geziyoo Blog\",\"description\":\"GeziYoo Blog&#039;da T\u00fcrkiye&#039;nin en iyi kamp alanlar\u0131ndan bungalov tatillerine, karavan ipu\u00e7lar\u0131ndan gezi rehberlerine kadar her t\u00fcrl\u00fc do\u011fa deneyimini ke\u015ffedin.\",\"publisher\":{\"@id\":\"https:\/\/geziyoo.co\/blog\/#organization\"},\"potentialAction\":[{\"@type\":\"SearchAction\",\"target\":{\"@type\":\"EntryPoint\",\"urlTemplate\":\"https:\/\/geziyoo.co\/blog\/?s={search_term_string}\"},\"query-input\":{\"@type\":\"PropertyValueSpecification\",\"valueRequired\":true,\"valueName\":\"search_term_string\"}}],\"inLanguage\":\"tr\"},{\"@type\":\"Organization\",\"@id\":\"https:\/\/geziyoo.co\/blog\/#organization\",\"name\":\"Geziyoo.co\",\"url\":\"https:\/\/geziyoo.co\/blog\/\",\"logo\":{\"@type\":\"ImageObject\",\"inLanguage\":\"tr\",\"@id\":\"https:\/\/geziyoo.co\/blog\/#\/schema\/logo\/image\/\",\"url\":\"https:\/\/geziyoo.co\/blog\/wp-content\/uploads\/2025\/01\/Paragraf-metniniz-3.png\",\"contentUrl\":\"https:\/\/geziyoo.co\/blog\/wp-content\/uploads\/2025\/01\/Paragraf-metniniz-3.png\",\"width\":270,\"height\":50,\"caption\":\"Geziyoo.co\"},\"image\":{\"@id\":\"https:\/\/geziyoo.co\/blog\/#\/schema\/logo\/image\/\"},\"sameAs\":[\"https:\/\/www.facebook.com\/Geziyooco\",\"https:\/\/x.com\/geziyoo\",\"https:\/\/tr.pinterest.com\/geziyooco\/\",\"https:\/\/www.youtube.com\/@geziyoo\",\"https:\/\/www.instagram.com\/geziyoo.co\/\"]}]}<\/script>\n<!-- \/ Yoast SEO plugin. -->","yoast_head_json":{"title":"A'dan Z'ye Tiny House Rehberi: Modeller ve Yerler | Geziyoo","description":"Tiny House ya\u015fam\u0131na dair her \u015fey! Modeller, yasal izinler ve kiral\u0131k tiny house evleri listeledik. \u0130\u015fletme telefonlar\u0131 ve konum bilgileri","robots":{"index":"index","follow":"follow","max-snippet":"max-snippet:-1","max-image-preview":"max-image-preview:large","max-video-preview":"max-video-preview:-1"},"canonical":"https:\/\/geziyoo.co\/blog\/tiny-house\/","og_locale":"tr_TR","og_type":"article","og_title":"A'dan Z'ye Tiny House Rehberi: Modeller ve Yerler | Geziyoo","og_description":"Tiny House ya\u015fam\u0131na dair her \u015fey! Modeller, yasal izinler ve kiral\u0131k tiny house evleri listeledik. \u0130\u015fletme telefonlar\u0131 ve konum bilgileri","og_url":"https:\/\/geziyoo.co\/blog\/tiny-house\/","og_site_name":"Geziyoo.co","article_publisher":"https:\/\/www.facebook.com\/Geziyooco","article_modified_time":"2026-02-09T11:29:57+00:00","og_image":[{"width":1170,"height":780,"url":"https:\/\/geziyoo.co\/blog\/wp-content\/uploads\/2023\/04\/Tiny-House-yapmak-icin-ne-kadar-butce-gereklidir.jpg","type":"image\/jpeg"}],"twitter_card":"summary_large_image","twitter_site":"@geziyoo","twitter_misc":{"Tahmini okuma s\u00fcresi":"2 dakika"},"schema":{"@context":"https:\/\/schema.org","@graph":[{"@type":"WebPage","@id":"https:\/\/geziyoo.co\/blog\/tiny-house\/","url":"https:\/\/geziyoo.co\/blog\/tiny-house\/","name":"A'dan Z'ye Tiny House Rehberi: Modeller ve Yerler | Geziyoo","isPartOf":{"@id":"https:\/\/geziyoo.co\/blog\/#website"},"primaryImageOfPage":{"@id":"https:\/\/geziyoo.co\/blog\/tiny-house\/#primaryimage"},"image":{"@id":"https:\/\/geziyoo.co\/blog\/tiny-house\/#primaryimage"},"thumbnailUrl":"https:\/\/geziyoo.co\/blog\/wp-content\/uploads\/2023\/04\/Tiny-House-yapmak-icin-ne-kadar-butce-gereklidir.jpg","datePublished":"2023-06-20T08:04:32+00:00","dateModified":"2026-02-09T11:29:57+00:00","description":"Tiny House ya\u015fam\u0131na dair her \u015fey! Modeller, yasal izinler ve kiral\u0131k tiny house evleri listeledik. \u0130\u015fletme telefonlar\u0131 ve konum bilgileri","breadcrumb":{"@id":"https:\/\/geziyoo.co\/blog\/tiny-house\/#breadcrumb"},"inLanguage":"tr","potentialAction":[{"@type":"ReadAction","target":["https:\/\/geziyoo.co\/blog\/tiny-house\/"]}]},{"@type":"ImageObject","inLanguage":"tr","@id":"https:\/\/geziyoo.co\/blog\/tiny-house\/#primaryimage","url":"https:\/\/geziyoo.co\/blog\/wp-content\/uploads\/2023\/04\/Tiny-House-yapmak-icin-ne-kadar-butce-gereklidir.jpg","contentUrl":"https:\/\/geziyoo.co\/blog\/wp-content\/uploads\/2023\/04\/Tiny-House-yapmak-icin-ne-kadar-butce-gereklidir.jpg","width":1170,"height":780},{"@type":"BreadcrumbList","@id":"https:\/\/geziyoo.co\/blog\/tiny-house\/#breadcrumb","itemListElement":[{"@type":"ListItem","position":1,"name":"Ana sayfa","item":"https:\/\/geziyoo.co\/blog\/"},{"@type":"ListItem","position":2,"name":"Tiny House Hakk\u0131nda Her \u015eey: Modeller, Yasal \u0130zinler ve Konaklama (\u0130leti\u015fim ve Konum)"}]},{"@type":"WebSite","@id":"https:\/\/geziyoo.co\/blog\/#website","url":"https:\/\/geziyoo.co\/blog\/","name":"Geziyoo Blog","description":"GeziYoo Blog&#039;da T\u00fcrkiye&#039;nin en iyi kamp alanlar\u0131ndan bungalov tatillerine, karavan ipu\u00e7lar\u0131ndan gezi rehberlerine kadar her t\u00fcrl\u00fc do\u011fa deneyimini ke\u015ffedin.","publisher":{"@id":"https:\/\/geziyoo.co\/blog\/#organization"},"potentialAction":[{"@type":"SearchAction","target":{"@type":"EntryPoint","urlTemplate":"https:\/\/geziyoo.co\/blog\/?s={search_term_string}"},"query-input":{"@type":"PropertyValueSpecification","valueRequired":true,"valueName":"search_term_string"}}],"inLanguage":"tr"},{"@type":"Organization","@id":"https:\/\/geziyoo.co\/blog\/#organization","name":"Geziyoo.co","url":"https:\/\/geziyoo.co\/blog\/","logo":{"@type":"ImageObject","inLanguage":"tr","@id":"https:\/\/geziyoo.co\/blog\/#\/schema\/logo\/image\/","url":"https:\/\/geziyoo.co\/blog\/wp-content\/uploads\/2025\/01\/Paragraf-metniniz-3.png","contentUrl":"https:\/\/geziyoo.co\/blog\/wp-content\/uploads\/2025\/01\/Paragraf-metniniz-3.png","width":270,"height":50,"caption":"Geziyoo.co"},"image":{"@id":"https:\/\/geziyoo.co\/blog\/#\/schema\/logo\/image\/"},"sameAs":["https:\/\/www.facebook.com\/Geziyooco","https:\/\/x.com\/geziyoo","https:\/\/tr.pinterest.com\/geziyooco\/","https:\/\/www.youtube.com\/@geziyoo","https:\/\/www.instagram.com\/geziyoo.co\/"]}]}},"amp_enabled":false,"_links":{"self":[{"href":"https:\/\/geziyoo.co\/blog\/wp-json\/wp\/v2\/pages\/13233","targetHints":{"allow":["GET"]}}],"collection":[{"href":"https:\/\/geziyoo.co\/blog\/wp-json\/wp\/v2\/pages"}],"about":[{"href":"https:\/\/geziyoo.co\/blog\/wp-json\/wp\/v2\/types\/page"}],"author":[{"embeddable":true,"href":"https:\/\/geziyoo.co\/blog\/wp-json\/wp\/v2\/users\/1"}],"replies":[{"embeddable":true,"href":"https:\/\/geziyoo.co\/blog\/wp-json\/wp\/v2\/comments?post=13233"}],"version-history":[{"count":1,"href":"https:\/\/geziyoo.co\/blog\/wp-json\/wp\/v2\/pages\/13233\/revisions"}],"predecessor-version":[{"id":24416,"href":"https:\/\/geziyoo.co\/blog\/wp-json\/wp\/v2\/pages\/13233\/revisions\/24416"}],"wp:featuredmedia":[{"embeddable":true,"href":"https:\/\/geziyoo.co\/blog\/wp-json\/wp\/v2\/media\/12567"}],"wp:attachment":[{"href":"https:\/\/geziyoo.co\/blog\/wp-json\/wp\/v2\/media?parent=13233"}],"curies":[{"name":"wp","href":"https:\/\/api.w.org\/{rel}","templated":true}]}}