{"id":1323,"date":"2019-04-09T16:18:40","date_gmt":"2019-04-09T16:18:40","guid":{"rendered":"https:\/\/geziyoo.co\/?page_id=1323"},"modified":"2026-01-19T13:48:07","modified_gmt":"2026-01-19T13:48:07","slug":"iletisim","status":"publish","type":"page","link":"https:\/\/geziyoo.co\/blog\/iletisim\/","title":{"rendered":"\u0130leti\u015fim"},"content":{"rendered":"\n<h3 class=\"wp-block-heading\">L\u00dcTFEN MESAJ ATMADAN \u00d6NCE A\u015eA\u011eIDAK\u0130 B\u0130LG\u0130LEND\u0130RMEY\u0130 OKUYUN. TE\u015eEKK\u00dcRLER&nbsp;<\/h3>\n\n\n\n<p>Sevgili Takip\u00e7iler,<\/p>\n\n\n\n<p>E\u011fer bir sorunuz var ise, l\u00fctfen bu sorunuzu ilgili yaz\u0131m\u0131z\u0131n yorum b\u00f6l\u00fcm\u00fcne yaz\u0131n\u0131z. Hem cevaplan\u0131r, hem de bu cevaptan t\u00fcm okurlar faydalanm\u0131\u015f olur.&nbsp; Anlay\u0131\u015f\u0131n\u0131z i\u00e7in \u015fimdiden te\u015fekk\u00fcrler&nbsp;<\/p>\n\n\n\n<p>Sormak istedi\u011finiz di\u011fer konular <strong><em><a href=\"mailto:geziyoo.co@gmail.com\">geziyoo.co@gmail.com<\/a><\/em><\/strong> adresinden ileti\u015fime ge\u00e7menizi rica ederiz.<\/p>\n","protected":false},"excerpt":{"rendered":"<p>L\u00dcTFEN MESAJ ATMADAN \u00d6NCE A\u015eA\u011eIDAK\u0130 B\u0130LG\u0130LEND\u0130RMEY\u0130 OKUYUN. TE\u015eEKK\u00dcRLER&nbsp; Sevgili Takip\u00e7iler, E\u011fer bir sorunuz var ise, l\u00fctfen bu sorunuzu ilgili yaz\u0131m\u0131z\u0131n yorum b\u00f6l\u00fcm\u00fcne yaz\u0131n\u0131z. Hem cevaplan\u0131r, hem de bu cevaptan t\u00fcm okurlar faydalanm\u0131\u015f olur.&nbsp; Anlay\u0131\u015f\u0131n\u0131z i\u00e7in \u015fimdiden te\u015fekk\u00fcrler&nbsp; Sormak istedi\u011finiz di\u011fer konular geziyoo.co@gmail.com adresinden ileti\u015fime ge\u00e7menizi rica ederiz.<\/p>\n","protected":false},"author":1,"featured_media":0,"parent":0,"menu_order":0,"comment_status":"closed","ping_status":"closed","template":"","meta":{"footnotes":""},"class_list":["post-1323","page","type-page","status-publish","hentry"],"yoast_head":"<!-- This site is optimized with the Yoast SEO plugin v26.9 - https:\/\/yoast.com\/product\/yoast-seo-wordpress\/ -->\n<title>\u0130leti\u015fim - Geziyoo.co<\/title>\n<meta name=\"robots\" content=\"index, follow, max-snippet:-1, max-image-preview:large, max-video-preview:-1\" \/>\n<link rel=\"canonical\" href=\"https:\/\/geziyoo.co\/blog\/iletisim\/\" \/>\n<meta property=\"og:locale\" content=\"tr_TR\" \/>\n<meta property=\"og:type\" content=\"article\" \/>\n<meta property=\"og:title\" content=\"\u0130leti\u015fim - Geziyoo.co\" \/>\n<meta property=\"og:description\" content=\"L\u00dcTFEN MESAJ ATMADAN \u00d6NCE A\u015eA\u011eIDAK\u0130 B\u0130LG\u0130LEND\u0130RMEY\u0130 OKUYUN. TE\u015eEKK\u00dcRLER&nbsp; Sevgili Takip\u00e7iler, E\u011fer bir sorunuz var ise, l\u00fctfen bu sorunuzu ilgili yaz\u0131m\u0131z\u0131n yorum b\u00f6l\u00fcm\u00fcne yaz\u0131n\u0131z. Hem cevaplan\u0131r, hem de bu cevaptan t\u00fcm okurlar faydalanm\u0131\u015f olur.&nbsp; Anlay\u0131\u015f\u0131n\u0131z i\u00e7in \u015fimdiden te\u015fekk\u00fcrler&nbsp; Sormak istedi\u011finiz di\u011fer konular geziyoo.co@gmail.com adresinden ileti\u015fime ge\u00e7menizi rica ederiz.\" \/>\n<meta property=\"og:url\" content=\"https:\/\/geziyoo.co\/blog\/iletisim\/\" \/>\n<meta property=\"og:site_name\" content=\"Geziyoo.co\" \/>\n<meta property=\"article:publisher\" content=\"https:\/\/www.facebook.com\/Geziyooco\" \/>\n<meta property=\"article:modified_time\" content=\"2026-01-19T13:48:07+00:00\" \/>\n<meta property=\"og:image\" content=\"https:\/\/geziyoo.co\/blog\/wp-content\/uploads\/2025\/01\/Paragraf-metniniz-3.png\" \/>\n\t<meta property=\"og:image:width\" content=\"270\" \/>\n\t<meta property=\"og:image:height\" content=\"50\" \/>\n\t<meta property=\"og:image:type\" content=\"image\/png\" \/>\n<meta name=\"twitter:card\" content=\"summary_large_image\" \/>\n<meta name=\"twitter:site\" content=\"@geziyoo\" \/>\n<meta name=\"twitter:label1\" content=\"Tahmini okuma s\u00fcresi\" \/>\n\t<meta name=\"twitter:data1\" content=\"1 dakika\" \/>\n<script type=\"application\/ld+json\" class=\"yoast-schema-graph\">{\"@context\":\"https:\/\/schema.org\",\"@graph\":[{\"@type\":\"WebPage\",\"@id\":\"https:\/\/geziyoo.co\/blog\/iletisim\/\",\"url\":\"https:\/\/geziyoo.co\/blog\/iletisim\/\",\"name\":\"\u0130leti\u015fim - Geziyoo.co\",\"isPartOf\":{\"@id\":\"https:\/\/geziyoo.co\/blog\/#website\"},\"datePublished\":\"2019-04-09T16:18:40+00:00\",\"dateModified\":\"2026-01-19T13:48:07+00:00\",\"breadcrumb\":{\"@id\":\"https:\/\/geziyoo.co\/blog\/iletisim\/#breadcrumb\"},\"inLanguage\":\"tr\",\"potentialAction\":[{\"@type\":\"ReadAction\",\"target\":[\"https:\/\/geziyoo.co\/blog\/iletisim\/\"]}]},{\"@type\":\"BreadcrumbList\",\"@id\":\"https:\/\/geziyoo.co\/blog\/iletisim\/#breadcrumb\",\"itemListElement\":[{\"@type\":\"ListItem\",\"position\":1,\"name\":\"Ana sayfa\",\"item\":\"https:\/\/geziyoo.co\/blog\/\"},{\"@type\":\"ListItem\",\"position\":2,\"name\":\"\u0130leti\u015fim\"}]},{\"@type\":\"WebSite\",\"@id\":\"https:\/\/geziyoo.co\/blog\/#website\",\"url\":\"https:\/\/geziyoo.co\/blog\/\",\"name\":\"Geziyoo Blog\",\"description\":\"GeziYoo Blog&#039;da T\u00fcrkiye&#039;nin en iyi kamp alanlar\u0131ndan bungalov tatillerine, karavan ipu\u00e7lar\u0131ndan gezi rehberlerine kadar her t\u00fcrl\u00fc do\u011fa deneyimini ke\u015ffedin.\",\"publisher\":{\"@id\":\"https:\/\/geziyoo.co\/blog\/#organization\"},\"potentialAction\":[{\"@type\":\"SearchAction\",\"target\":{\"@type\":\"EntryPoint\",\"urlTemplate\":\"https:\/\/geziyoo.co\/blog\/?s={search_term_string}\"},\"query-input\":{\"@type\":\"PropertyValueSpecification\",\"valueRequired\":true,\"valueName\":\"search_term_string\"}}],\"inLanguage\":\"tr\"},{\"@type\":\"Organization\",\"@id\":\"https:\/\/geziyoo.co\/blog\/#organization\",\"name\":\"Geziyoo.co\",\"url\":\"https:\/\/geziyoo.co\/blog\/\",\"logo\":{\"@type\":\"ImageObject\",\"inLanguage\":\"tr\",\"@id\":\"https:\/\/geziyoo.co\/blog\/#\/schema\/logo\/image\/\",\"url\":\"https:\/\/geziyoo.co\/blog\/wp-content\/uploads\/2025\/01\/Paragraf-metniniz-3.png\",\"contentUrl\":\"https:\/\/geziyoo.co\/blog\/wp-content\/uploads\/2025\/01\/Paragraf-metniniz-3.png\",\"width\":270,\"height\":50,\"caption\":\"Geziyoo.co\"},\"image\":{\"@id\":\"https:\/\/geziyoo.co\/blog\/#\/schema\/logo\/image\/\"},\"sameAs\":[\"https:\/\/www.facebook.com\/Geziyooco\",\"https:\/\/x.com\/geziyoo\",\"https:\/\/tr.pinterest.com\/geziyooco\/\",\"https:\/\/www.youtube.com\/@geziyoo\",\"https:\/\/www.instagram.com\/geziyoo.co\/\"]}]}<\/script>\n<!-- \/ Yoast SEO plugin. -->","yoast_head_json":{"title":"\u0130leti\u015fim - Geziyoo.co","robots":{"index":"index","follow":"follow","max-snippet":"max-snippet:-1","max-image-preview":"max-image-preview:large","max-video-preview":"max-video-preview:-1"},"canonical":"https:\/\/geziyoo.co\/blog\/iletisim\/","og_locale":"tr_TR","og_type":"article","og_title":"\u0130leti\u015fim - Geziyoo.co","og_description":"L\u00dcTFEN MESAJ ATMADAN \u00d6NCE A\u015eA\u011eIDAK\u0130 B\u0130LG\u0130LEND\u0130RMEY\u0130 OKUYUN. TE\u015eEKK\u00dcRLER&nbsp; Sevgili Takip\u00e7iler, E\u011fer bir sorunuz var ise, l\u00fctfen bu sorunuzu ilgili yaz\u0131m\u0131z\u0131n yorum b\u00f6l\u00fcm\u00fcne yaz\u0131n\u0131z. Hem cevaplan\u0131r, hem de bu cevaptan t\u00fcm okurlar faydalanm\u0131\u015f olur.&nbsp; Anlay\u0131\u015f\u0131n\u0131z i\u00e7in \u015fimdiden te\u015fekk\u00fcrler&nbsp; Sormak istedi\u011finiz di\u011fer konular geziyoo.co@gmail.com adresinden ileti\u015fime ge\u00e7menizi rica ederiz.","og_url":"https:\/\/geziyoo.co\/blog\/iletisim\/","og_site_name":"Geziyoo.co","article_publisher":"https:\/\/www.facebook.com\/Geziyooco","article_modified_time":"2026-01-19T13:48:07+00:00","og_image":[{"width":270,"height":50,"url":"https:\/\/geziyoo.co\/blog\/wp-content\/uploads\/2025\/01\/Paragraf-metniniz-3.png","type":"image\/png"}],"twitter_card":"summary_large_image","twitter_site":"@geziyoo","twitter_misc":{"Tahmini okuma s\u00fcresi":"1 dakika"},"schema":{"@context":"https:\/\/schema.org","@graph":[{"@type":"WebPage","@id":"https:\/\/geziyoo.co\/blog\/iletisim\/","url":"https:\/\/geziyoo.co\/blog\/iletisim\/","name":"\u0130leti\u015fim - Geziyoo.co","isPartOf":{"@id":"https:\/\/geziyoo.co\/blog\/#website"},"datePublished":"2019-04-09T16:18:40+00:00","dateModified":"2026-01-19T13:48:07+00:00","breadcrumb":{"@id":"https:\/\/geziyoo.co\/blog\/iletisim\/#breadcrumb"},"inLanguage":"tr","potentialAction":[{"@type":"ReadAction","target":["https:\/\/geziyoo.co\/blog\/iletisim\/"]}]},{"@type":"BreadcrumbList","@id":"https:\/\/geziyoo.co\/blog\/iletisim\/#breadcrumb","itemListElement":[{"@type":"ListItem","position":1,"name":"Ana sayfa","item":"https:\/\/geziyoo.co\/blog\/"},{"@type":"ListItem","position":2,"name":"\u0130leti\u015fim"}]},{"@type":"WebSite","@id":"https:\/\/geziyoo.co\/blog\/#website","url":"https:\/\/geziyoo.co\/blog\/","name":"Geziyoo Blog","description":"GeziYoo Blog&#039;da T\u00fcrkiye&#039;nin en iyi kamp alanlar\u0131ndan bungalov tatillerine, karavan ipu\u00e7lar\u0131ndan gezi rehberlerine kadar her t\u00fcrl\u00fc do\u011fa deneyimini ke\u015ffedin.","publisher":{"@id":"https:\/\/geziyoo.co\/blog\/#organization"},"potentialAction":[{"@type":"SearchAction","target":{"@type":"EntryPoint","urlTemplate":"https:\/\/geziyoo.co\/blog\/?s={search_term_string}"},"query-input":{"@type":"PropertyValueSpecification","valueRequired":true,"valueName":"search_term_string"}}],"inLanguage":"tr"},{"@type":"Organization","@id":"https:\/\/geziyoo.co\/blog\/#organization","name":"Geziyoo.co","url":"https:\/\/geziyoo.co\/blog\/","logo":{"@type":"ImageObject","inLanguage":"tr","@id":"https:\/\/geziyoo.co\/blog\/#\/schema\/logo\/image\/","url":"https:\/\/geziyoo.co\/blog\/wp-content\/uploads\/2025\/01\/Paragraf-metniniz-3.png","contentUrl":"https:\/\/geziyoo.co\/blog\/wp-content\/uploads\/2025\/01\/Paragraf-metniniz-3.png","width":270,"height":50,"caption":"Geziyoo.co"},"image":{"@id":"https:\/\/geziyoo.co\/blog\/#\/schema\/logo\/image\/"},"sameAs":["https:\/\/www.facebook.com\/Geziyooco","https:\/\/x.com\/geziyoo","https:\/\/tr.pinterest.com\/geziyooco\/","https:\/\/www.youtube.com\/@geziyoo","https:\/\/www.instagram.com\/geziyoo.co\/"]}]}},"amp_enabled":false,"_links":{"self":[{"href":"https:\/\/geziyoo.co\/blog\/wp-json\/wp\/v2\/pages\/1323","targetHints":{"allow":["GET"]}}],"collection":[{"href":"https:\/\/geziyoo.co\/blog\/wp-json\/wp\/v2\/pages"}],"about":[{"href":"https:\/\/geziyoo.co\/blog\/wp-json\/wp\/v2\/types\/page"}],"author":[{"embeddable":true,"href":"https:\/\/geziyoo.co\/blog\/wp-json\/wp\/v2\/users\/1"}],"replies":[{"embeddable":true,"href":"https:\/\/geziyoo.co\/blog\/wp-json\/wp\/v2\/comments?post=1323"}],"version-history":[{"count":0,"href":"https:\/\/geziyoo.co\/blog\/wp-json\/wp\/v2\/pages\/1323\/revisions"}],"wp:attachment":[{"href":"https:\/\/geziyoo.co\/blog\/wp-json\/wp\/v2\/media?parent=1323"}],"curies":[{"name":"wp","href":"https:\/\/api.w.org\/{rel}","templated":true}]}}