{"id":9015,"date":"2022-01-24T02:12:18","date_gmt":"2022-01-24T02:12:18","guid":{"rendered":"https:\/\/geziyoo.co\/blog\/?page_id=9015"},"modified":"2026-02-04T13:43:24","modified_gmt":"2026-02-04T13:43:24","slug":"kamp-rehberi","status":"publish","type":"page","link":"http:\/\/geziyoo.co\/blog\/kamp-rehberi\/","title":{"rendered":"Kamp Hakk\u0131nda Her \u015eey: \u0130pu\u00e7lar\u0131, Yemekler ve Kamp Yerleri (\u0130leti\u015fim ve Konum)"},"content":{"rendered":"\n<h2 class=\"wp-block-heading\"><strong><em><a href=\"https:\/\/geziyoo.co\/blog\/kis-kampi-hakkinda-bilinmesi-gerekenler\/\" data-type=\"post\" data-id=\"5182\">Kamp \u0130pu\u00e7lar\u0131<\/a><\/em><\/strong> sayfas\u0131nda Kamp \u0130pu\u00e7lar\u0131,Kamp Yemekleri,Kamp Yap\u0131lacak yerler ve Kamp \u0130le \u0130lgili Her\u015fey oldu\u011fu kamp\u00e7\u0131lara \u00f6zel olarak tasarlanan bir sayfa<\/h2>\n\n\n\n<figure class=\"wp-block-image size-large\"><img decoding=\"async\" width=\"800\" height=\"533\" data-src=\"https:\/\/geziyoo.co\/blog\/wp-content\/uploads\/2021\/11\/Bilecik-Kamp-Alanlari.jpg\" alt=\"Kamp \u0130pu\u00e7lar\u0131 ve Kamp \u0130le \u0130lgili Her\u015fey\" class=\"wp-image-8772 lazyload\" data-srcset=\"http:\/\/geziyoo.co\/blog\/wp-content\/uploads\/2021\/11\/Bilecik-Kamp-Alanlari.jpg 800w, http:\/\/geziyoo.co\/blog\/wp-content\/uploads\/2021\/11\/Bilecik-Kamp-Alanlari-300x200.jpg 300w, http:\/\/geziyoo.co\/blog\/wp-content\/uploads\/2021\/11\/Bilecik-Kamp-Alanlari-768x512.jpg 768w\" data-sizes=\"(max-width: 800px) 100vw, 800px\" src=\"data:image\/gif;base64,R0lGODlhAQABAAAAACH5BAEKAAEALAAAAAABAAEAAAICTAEAOw==\" style=\"--smush-placeholder-width: 800px; --smush-placeholder-aspect-ratio: 800\/533;\" \/><figcaption>Kamp \u0130pu\u00e7lar\u0131 ve Kamp \u0130le \u0130lgili Her\u015fey<\/figcaption><\/figure>\n","protected":false},"excerpt":{"rendered":"<p>Kamp \u0130pu\u00e7lar\u0131 sayfas\u0131nda Kamp \u0130pu\u00e7lar\u0131,Kamp Yemekleri,Kamp Yap\u0131lacak yerler ve Kamp \u0130le \u0130lgili Her\u015fey oldu\u011fu kamp\u00e7\u0131lara \u00f6zel olarak tasarlanan bir sayfa Kamp \u0130pu\u00e7lar\u0131 ve Kamp \u0130le \u0130lgili Her\u015fey<\/p>\n","protected":false},"author":1,"featured_media":19285,"parent":0,"menu_order":0,"comment_status":"closed","ping_status":"closed","template":"","meta":{"footnotes":""},"class_list":["post-9015","page","type-page","status-publish","has-post-thumbnail","hentry"],"yoast_head":"<!-- This site is optimized with the Yoast SEO plugin v26.9 - https:\/\/yoast.com\/product\/yoast-seo-wordpress\/ -->\n<title>A\u2019dan Z\u2019ye Kamp Rehberi: \u0130pu\u00e7lar\u0131, Yemekler ve Yerler | Geziyoo<\/title>\n<meta name=\"description\" content=\"Kamp hakk\u0131nda her \u015fey! Pratik yemekler, ipu\u00e7lar\u0131 ve kiral\u0131k \u00e7ad\u0131r kamp alanlar\u0131.Telefon numaralar\u0131 ve konum bilgileriyle listeledik.\" \/>\n<meta name=\"robots\" content=\"index, follow, max-snippet:-1, max-image-preview:large, max-video-preview:-1\" \/>\n<link rel=\"canonical\" href=\"https:\/\/geziyoo.co\/blog\/kamp-rehberi\/\" \/>\n<meta property=\"og:locale\" content=\"tr_TR\" \/>\n<meta property=\"og:type\" content=\"article\" \/>\n<meta property=\"og:title\" content=\"A\u2019dan Z\u2019ye Kamp Rehberi: \u0130pu\u00e7lar\u0131, Yemekler ve Yerler | Geziyoo\" \/>\n<meta property=\"og:description\" content=\"Kamp hakk\u0131nda her \u015fey! Pratik yemekler, ipu\u00e7lar\u0131 ve kiral\u0131k \u00e7ad\u0131r kamp alanlar\u0131.Telefon numaralar\u0131 ve konum bilgileriyle listeledik.\" \/>\n<meta property=\"og:url\" content=\"https:\/\/geziyoo.co\/blog\/kamp-rehberi\/\" \/>\n<meta property=\"og:site_name\" content=\"Geziyoo.co\" \/>\n<meta property=\"article:publisher\" content=\"https:\/\/www.facebook.com\/Geziyooco\" \/>\n<meta property=\"article:modified_time\" content=\"2026-02-04T13:43:24+00:00\" \/>\n<meta property=\"og:image\" content=\"https:\/\/geziyoo.co\/blog\/wp-content\/uploads\/2024\/10\/En-Iyi-Kamp-Sandalyesi-Nasil-Secilir-6.jpg\" \/>\n\t<meta property=\"og:image:width\" content=\"1200\" \/>\n\t<meta property=\"og:image:height\" content=\"800\" \/>\n\t<meta property=\"og:image:type\" content=\"image\/jpeg\" \/>\n<meta name=\"twitter:card\" content=\"summary_large_image\" \/>\n<meta name=\"twitter:site\" content=\"@geziyoo\" \/>\n<meta name=\"twitter:label1\" content=\"Tahmini okuma s\u00fcresi\" \/>\n\t<meta name=\"twitter:data1\" content=\"1 dakika\" \/>\n<script type=\"application\/ld+json\" class=\"yoast-schema-graph\">{\"@context\":\"https:\/\/schema.org\",\"@graph\":[{\"@type\":\"WebPage\",\"@id\":\"https:\/\/geziyoo.co\/blog\/kamp-rehberi\/\",\"url\":\"https:\/\/geziyoo.co\/blog\/kamp-rehberi\/\",\"name\":\"A\u2019dan Z\u2019ye Kamp Rehberi: \u0130pu\u00e7lar\u0131, Yemekler ve Yerler | Geziyoo\",\"isPartOf\":{\"@id\":\"https:\/\/geziyoo.co\/blog\/#website\"},\"primaryImageOfPage\":{\"@id\":\"https:\/\/geziyoo.co\/blog\/kamp-rehberi\/#primaryimage\"},\"image\":{\"@id\":\"https:\/\/geziyoo.co\/blog\/kamp-rehberi\/#primaryimage\"},\"thumbnailUrl\":\"http:\/\/geziyoo.co\/blog\/wp-content\/uploads\/2024\/10\/En-Iyi-Kamp-Sandalyesi-Nasil-Secilir-6.jpg\",\"datePublished\":\"2022-01-24T02:12:18+00:00\",\"dateModified\":\"2026-02-04T13:43:24+00:00\",\"description\":\"Kamp hakk\u0131nda her \u015fey! Pratik yemekler, ipu\u00e7lar\u0131 ve kiral\u0131k \u00e7ad\u0131r kamp alanlar\u0131.Telefon numaralar\u0131 ve konum bilgileriyle listeledik.\",\"breadcrumb\":{\"@id\":\"https:\/\/geziyoo.co\/blog\/kamp-rehberi\/#breadcrumb\"},\"inLanguage\":\"tr\",\"potentialAction\":[{\"@type\":\"ReadAction\",\"target\":[\"https:\/\/geziyoo.co\/blog\/kamp-rehberi\/\"]}]},{\"@type\":\"ImageObject\",\"inLanguage\":\"tr\",\"@id\":\"https:\/\/geziyoo.co\/blog\/kamp-rehberi\/#primaryimage\",\"url\":\"http:\/\/geziyoo.co\/blog\/wp-content\/uploads\/2024\/10\/En-Iyi-Kamp-Sandalyesi-Nasil-Secilir-6.jpg\",\"contentUrl\":\"http:\/\/geziyoo.co\/blog\/wp-content\/uploads\/2024\/10\/En-Iyi-Kamp-Sandalyesi-Nasil-Secilir-6.jpg\",\"width\":1200,\"height\":800},{\"@type\":\"BreadcrumbList\",\"@id\":\"https:\/\/geziyoo.co\/blog\/kamp-rehberi\/#breadcrumb\",\"itemListElement\":[{\"@type\":\"ListItem\",\"position\":1,\"name\":\"Ana sayfa\",\"item\":\"https:\/\/geziyoo.co\/blog\/\"},{\"@type\":\"ListItem\",\"position\":2,\"name\":\"Kamp Hakk\u0131nda Her \u015eey: \u0130pu\u00e7lar\u0131, Yemekler ve Kamp Yerleri (\u0130leti\u015fim ve Konum)\"}]},{\"@type\":\"WebSite\",\"@id\":\"https:\/\/geziyoo.co\/blog\/#website\",\"url\":\"https:\/\/geziyoo.co\/blog\/\",\"name\":\"Geziyoo Blog\",\"description\":\"GeziYoo Blog&#039;da T\u00fcrkiye&#039;nin en iyi kamp alanlar\u0131ndan bungalov tatillerine, karavan ipu\u00e7lar\u0131ndan gezi rehberlerine kadar her t\u00fcrl\u00fc do\u011fa deneyimini ke\u015ffedin.\",\"publisher\":{\"@id\":\"https:\/\/geziyoo.co\/blog\/#organization\"},\"potentialAction\":[{\"@type\":\"SearchAction\",\"target\":{\"@type\":\"EntryPoint\",\"urlTemplate\":\"https:\/\/geziyoo.co\/blog\/?s={search_term_string}\"},\"query-input\":{\"@type\":\"PropertyValueSpecification\",\"valueRequired\":true,\"valueName\":\"search_term_string\"}}],\"inLanguage\":\"tr\"},{\"@type\":\"Organization\",\"@id\":\"https:\/\/geziyoo.co\/blog\/#organization\",\"name\":\"Geziyoo.co\",\"url\":\"https:\/\/geziyoo.co\/blog\/\",\"logo\":{\"@type\":\"ImageObject\",\"inLanguage\":\"tr\",\"@id\":\"https:\/\/geziyoo.co\/blog\/#\/schema\/logo\/image\/\",\"url\":\"https:\/\/geziyoo.co\/blog\/wp-content\/uploads\/2025\/01\/Paragraf-metniniz-3.png\",\"contentUrl\":\"https:\/\/geziyoo.co\/blog\/wp-content\/uploads\/2025\/01\/Paragraf-metniniz-3.png\",\"width\":270,\"height\":50,\"caption\":\"Geziyoo.co\"},\"image\":{\"@id\":\"https:\/\/geziyoo.co\/blog\/#\/schema\/logo\/image\/\"},\"sameAs\":[\"https:\/\/www.facebook.com\/Geziyooco\",\"https:\/\/x.com\/geziyoo\",\"https:\/\/tr.pinterest.com\/geziyooco\/\",\"https:\/\/www.youtube.com\/@geziyoo\",\"https:\/\/www.instagram.com\/geziyoo.co\/\"]}]}<\/script>\n<!-- \/ Yoast SEO plugin. -->","yoast_head_json":{"title":"A\u2019dan Z\u2019ye Kamp Rehberi: \u0130pu\u00e7lar\u0131, Yemekler ve Yerler | Geziyoo","description":"Kamp hakk\u0131nda her \u015fey! Pratik yemekler, ipu\u00e7lar\u0131 ve kiral\u0131k \u00e7ad\u0131r kamp alanlar\u0131.Telefon numaralar\u0131 ve konum bilgileriyle listeledik.","robots":{"index":"index","follow":"follow","max-snippet":"max-snippet:-1","max-image-preview":"max-image-preview:large","max-video-preview":"max-video-preview:-1"},"canonical":"https:\/\/geziyoo.co\/blog\/kamp-rehberi\/","og_locale":"tr_TR","og_type":"article","og_title":"A\u2019dan Z\u2019ye Kamp Rehberi: \u0130pu\u00e7lar\u0131, Yemekler ve Yerler | Geziyoo","og_description":"Kamp hakk\u0131nda her \u015fey! Pratik yemekler, ipu\u00e7lar\u0131 ve kiral\u0131k \u00e7ad\u0131r kamp alanlar\u0131.Telefon numaralar\u0131 ve konum bilgileriyle listeledik.","og_url":"https:\/\/geziyoo.co\/blog\/kamp-rehberi\/","og_site_name":"Geziyoo.co","article_publisher":"https:\/\/www.facebook.com\/Geziyooco","article_modified_time":"2026-02-04T13:43:24+00:00","og_image":[{"width":1200,"height":800,"url":"https:\/\/geziyoo.co\/blog\/wp-content\/uploads\/2024\/10\/En-Iyi-Kamp-Sandalyesi-Nasil-Secilir-6.jpg","type":"image\/jpeg"}],"twitter_card":"summary_large_image","twitter_site":"@geziyoo","twitter_misc":{"Tahmini okuma s\u00fcresi":"1 dakika"},"schema":{"@context":"https:\/\/schema.org","@graph":[{"@type":"WebPage","@id":"https:\/\/geziyoo.co\/blog\/kamp-rehberi\/","url":"https:\/\/geziyoo.co\/blog\/kamp-rehberi\/","name":"A\u2019dan Z\u2019ye Kamp Rehberi: \u0130pu\u00e7lar\u0131, Yemekler ve Yerler | Geziyoo","isPartOf":{"@id":"https:\/\/geziyoo.co\/blog\/#website"},"primaryImageOfPage":{"@id":"https:\/\/geziyoo.co\/blog\/kamp-rehberi\/#primaryimage"},"image":{"@id":"https:\/\/geziyoo.co\/blog\/kamp-rehberi\/#primaryimage"},"thumbnailUrl":"http:\/\/geziyoo.co\/blog\/wp-content\/uploads\/2024\/10\/En-Iyi-Kamp-Sandalyesi-Nasil-Secilir-6.jpg","datePublished":"2022-01-24T02:12:18+00:00","dateModified":"2026-02-04T13:43:24+00:00","description":"Kamp hakk\u0131nda her \u015fey! Pratik yemekler, ipu\u00e7lar\u0131 ve kiral\u0131k \u00e7ad\u0131r kamp alanlar\u0131.Telefon numaralar\u0131 ve konum bilgileriyle listeledik.","breadcrumb":{"@id":"https:\/\/geziyoo.co\/blog\/kamp-rehberi\/#breadcrumb"},"inLanguage":"tr","potentialAction":[{"@type":"ReadAction","target":["https:\/\/geziyoo.co\/blog\/kamp-rehberi\/"]}]},{"@type":"ImageObject","inLanguage":"tr","@id":"https:\/\/geziyoo.co\/blog\/kamp-rehberi\/#primaryimage","url":"http:\/\/geziyoo.co\/blog\/wp-content\/uploads\/2024\/10\/En-Iyi-Kamp-Sandalyesi-Nasil-Secilir-6.jpg","contentUrl":"http:\/\/geziyoo.co\/blog\/wp-content\/uploads\/2024\/10\/En-Iyi-Kamp-Sandalyesi-Nasil-Secilir-6.jpg","width":1200,"height":800},{"@type":"BreadcrumbList","@id":"https:\/\/geziyoo.co\/blog\/kamp-rehberi\/#breadcrumb","itemListElement":[{"@type":"ListItem","position":1,"name":"Ana sayfa","item":"https:\/\/geziyoo.co\/blog\/"},{"@type":"ListItem","position":2,"name":"Kamp Hakk\u0131nda Her \u015eey: \u0130pu\u00e7lar\u0131, Yemekler ve Kamp Yerleri (\u0130leti\u015fim ve Konum)"}]},{"@type":"WebSite","@id":"https:\/\/geziyoo.co\/blog\/#website","url":"https:\/\/geziyoo.co\/blog\/","name":"Geziyoo Blog","description":"GeziYoo Blog&#039;da T\u00fcrkiye&#039;nin en iyi kamp alanlar\u0131ndan bungalov tatillerine, karavan ipu\u00e7lar\u0131ndan gezi rehberlerine kadar her t\u00fcrl\u00fc do\u011fa deneyimini ke\u015ffedin.","publisher":{"@id":"https:\/\/geziyoo.co\/blog\/#organization"},"potentialAction":[{"@type":"SearchAction","target":{"@type":"EntryPoint","urlTemplate":"https:\/\/geziyoo.co\/blog\/?s={search_term_string}"},"query-input":{"@type":"PropertyValueSpecification","valueRequired":true,"valueName":"search_term_string"}}],"inLanguage":"tr"},{"@type":"Organization","@id":"https:\/\/geziyoo.co\/blog\/#organization","name":"Geziyoo.co","url":"https:\/\/geziyoo.co\/blog\/","logo":{"@type":"ImageObject","inLanguage":"tr","@id":"https:\/\/geziyoo.co\/blog\/#\/schema\/logo\/image\/","url":"https:\/\/geziyoo.co\/blog\/wp-content\/uploads\/2025\/01\/Paragraf-metniniz-3.png","contentUrl":"https:\/\/geziyoo.co\/blog\/wp-content\/uploads\/2025\/01\/Paragraf-metniniz-3.png","width":270,"height":50,"caption":"Geziyoo.co"},"image":{"@id":"https:\/\/geziyoo.co\/blog\/#\/schema\/logo\/image\/"},"sameAs":["https:\/\/www.facebook.com\/Geziyooco","https:\/\/x.com\/geziyoo","https:\/\/tr.pinterest.com\/geziyooco\/","https:\/\/www.youtube.com\/@geziyoo","https:\/\/www.instagram.com\/geziyoo.co\/"]}]}},"amp_enabled":false,"_links":{"self":[{"href":"http:\/\/geziyoo.co\/blog\/wp-json\/wp\/v2\/pages\/9015","targetHints":{"allow":["GET"]}}],"collection":[{"href":"http:\/\/geziyoo.co\/blog\/wp-json\/wp\/v2\/pages"}],"about":[{"href":"http:\/\/geziyoo.co\/blog\/wp-json\/wp\/v2\/types\/page"}],"author":[{"embeddable":true,"href":"http:\/\/geziyoo.co\/blog\/wp-json\/wp\/v2\/users\/1"}],"replies":[{"embeddable":true,"href":"http:\/\/geziyoo.co\/blog\/wp-json\/wp\/v2\/comments?post=9015"}],"version-history":[{"count":0,"href":"http:\/\/geziyoo.co\/blog\/wp-json\/wp\/v2\/pages\/9015\/revisions"}],"wp:featuredmedia":[{"embeddable":true,"href":"http:\/\/geziyoo.co\/blog\/wp-json\/wp\/v2\/media\/19285"}],"wp:attachment":[{"href":"http:\/\/geziyoo.co\/blog\/wp-json\/wp\/v2\/media?parent=9015"}],"curies":[{"name":"wp","href":"https:\/\/api.w.org\/{rel}","templated":true}]}}